{"id":81568,"date":"2023-03-28T10:04:08","date_gmt":"2023-03-28T06:04:08","guid":{"rendered":"https:\/\/rapideaupark.com\/?post_type=product&#038;p=81568"},"modified":"2026-04-17T08:54:13","modified_gmt":"2026-04-17T06:54:13","slug":"aventura-park","status":"publish","type":"product","link":"https:\/\/rapideaupark.com\/nl\/aventura-park\/","title":{"rendered":"Pretpark"},"content":{"rendered":"","protected":false},"excerpt":{"rendered":"","protected":false},"featured_media":31426,"comment_status":"open","ping_status":"closed","template":"","meta":{"_acf_changed":false},"product_brand":[],"product_cat":[63],"product_tag":[85,86,84,83,66,67,88],"class_list":{"0":"post-81568","1":"product","2":"type-product","3":"status-publish","4":"has-post-thumbnail","6":"product_cat-activites-outdoors","7":"product_tag-a-partir-de-10-ans","8":"product_tag-a-partir-de-12-ans","9":"product_tag-a-partir-de-3-ans","10":"product_tag-a-partir-de-4-ans","11":"product_tag-activite-familiale","12":"product_tag-hautement-sensationnelle","13":"product_tag-activite-reservable-en-ligne","14":"wcpa_has_options","16":"first","17":"instock","18":"virtual","19":"purchasable","20":"product-type-simple"},"acf":[],"wcpa_form_fields":{"wcpaData":{"product":{"product_price":35,"price_html":"<span class=\"woocommerce-Price-amount amount\"><bdi>35,00<span class=\"woocommerce-Price-currencySymbol\">&euro;<\/span><\/bdi><\/span>","original_product_price":35,"price_including_tax":35,"price_excluding_tax":35,"product_id":{"parent":81568,"variation":false},"is_variable":false,"stock_status":"instock","stock_quantity":null,"parent_sku":"","product_attributes":[],"custom_fields":{"wcpa_pcf_plein_tarif":"35","wcpa_pcf_tarif_enfant":"20","wcpa_pcf_rdv_1":"Matin","wcpa_pcf_rdv_2":"Midi","wcpa_pcf_rdv_3":"Apr\u00e8s midi","wcpa_pcf_nom_activite":"parc aventure: Aventura Park et\/ou Kid Park","wcpa_pcf_prix_pack_famille":"","wcpa_pcf_nom_parcours_1":"Aventura Park","wcpa_pcf_type_prerequis_p1":"Taille minimum","wcpa_pcf_prerequis_p1":"Minimum: 1 M 40","wcpa_pcf_nom_parcours_2":"Kid Park","wcpa_pcf_type_prerequis_p2":"Taille minimum","wcpa_pcf_prerequis_p2":"Minimum: 90 cm","wcpa_pcf_rdv_4":"16:45"},"is_taxable":false,"product_name":"Parc Aventure","hasImage":false},"fields":{"sec_6646d9d3e71293":{"extra":{"key":"sec_6646d9d3e71293","section_id":"sec_6646d9d3e71293","name":"Default","status":1,"cl_rule":"show","enableCl":false,"relations":[],"toggle":true,"title_tag":"h3","show_title":false,"showPrice":"default","form_id":250340,"form_rules":{"exclude_from_discount":false,"fee_label":"Frais","disp_hide_options_price":false,"disp_show_section_price":false,"disp_show_field_price":true,"layout_option":"standard","pric_use_as_fee":false,"process_fee_as":"custom"},"layout_option":"standard"},"fields":[[{"active":true,"col":6,"relations":false,"cl_rule":"show","enableCl":false,"price":"","enablePrice":false,"className":"","label_position":"default","desc_position":"default","type":"header","required":false,"elementId":"header_3646d9d3e712f4","label":"R\u00e9servez votre activit\u00e9 parc aventure: Aventura Park et\/ou Kid Park","subtype":"h3","error":false,"enableDesign":false,"gt_translate_keys":["label"],"price_dependency":false,"cl_dependency":false,"value":""}],[{"label":"Date ","active":true,"required":true,"elementId":"date_2646d9d3e71322","picker_type":"custom","picker_mode":"single","name":"date_2646d9d3e71322","label_position":"default","desc_position":"default","enablePrice":false,"className":"","enableCl":false,"relations":false,"mapToCheckout":false,"min_date":{"type":"date","val":"2026-05-01"},"max_date":"","date_pic_conf":{"dateFormat":"(d-m-Y)"},"price":"","cl_rule":"show","col":3,"type":"date","error":false,"enableDesign":false,"date_pic_inline":false,"date_pic_inline_hide":false,"tooltip":"Si la date souhait\u00e9e n'est pas disponible \u00e0 la r\u00e9servation en ligne, \u00e7a ne signifie pas n\u00e9cessairement que nous sommes complets \u00e0 cette p\u00e9riode. Merci alors de nous contacter par t\u00e9l\u00e9phone pour mettre en place ensemble cette r\u00e9servation. Notre contact : 04 92 81 92 03 ou 06 86 99 97 28.","placeholder":"Date de l'activit\u00e9","isWeightTemplate":false,"isTemplate":false,"min_quantity":"1","quantity_decimal":false,"quantity_step":"1","quantity_label":"Quantity","repeater_field_label":"{field_label}","repeater_bind":"","gt_translate_keys":["label","placeholder","tooltip","repeater_field_label","quantity_label"],"price_dependency":false,"cl_dependency":["date-4368458361","header_9407811393","number_4646d9d3e71431","separator_9646d9d3e7147d","header-3977174186","number_3646d9d3e71457","separator-5170543720","radio-group_0646d9d3e714a9","separator-4516658267","content_10646d9d3e7139a","checkbox_7646d9d3e713e6"],"value":""},{"active":true,"col":3,"relations":false,"cl_rule":"show","enableCl":false,"price":"","enablePrice":false,"className":"","label_position":"default","desc_position":"default","type":"select","required":false,"elementId":"select_5646d9d3e71349","label":"Heure","name":"select_5646d9d3e71349","values":[{"label":"Matin","value":"Matin","selected":false,"tempId":"aco_64","gt_translate_keys":["label"]},{"label":"Midi","value":"Midi","selected":false,"tempId":"aco_120","gt_translate_keys":["label"]},{"label":"Apr\u00e8s midi","value":"Apr\u00e8s midi","selected":false,"tempId":"aco_265","gt_translate_keys":["label"]}],"dropdown_type":"basic","error":false,"placeholder":"Cr\u00e9neau d'arriv\u00e9e","gt_translate_keys":["label","placeholder"],"price_dependency":false,"cl_dependency":["header_9407811393","number_4646d9d3e71431","separator_9646d9d3e7147d","header-3977174186","number_3646d9d3e71457","separator-5170543720","radio-group_0646d9d3e714a9","separator-4516658267","content_10646d9d3e7139a","checkbox_7646d9d3e713e6"],"value":""}],[{"label":"Date r\u00e9servation instantan\u00e9e","active":true,"required":true,"elementId":"date-4368458361","picker_type":"custom","picker_mode":"single","placeholder":"Date de l'activit\u00e9","tooltip":"Ce champ de s\u00e9lection de date vous permet de r\u00e9server votre activit\u00e9 pour le jour m\u00eame. Si vous n'avez pas \u00e9t\u00e9 invit\u00e9s par notre \u00e9quipe \u00e0 faire une r\u00e9servation pour le jour m\u00eame, nous vous invitons \u00e0 ne pas le remplir et pr\u00e9f\u00e9rer le champ de s\u00e9lection de date ci-dessus.","name":"date-4368458361","label_position":"default","desc_position":"default","enablePrice":false,"className":"","enableCl":true,"relations":[{"operator":false,"rules":[{"operator":"AND","rules":{"cl_field":"date_2646d9d3e71322","cl_relation":"is","cl_val":"2023-10-15"}}]}],"enableDesign":false,"mapToCheckout":false,"date_pic_inline":false,"date_pic_inline_hide":false,"min_date":{"type":"days","val":"0"},"max_date":{"type":"days","val":"1"},"date_pic_conf":{"dateFormat":"(d-m-Y)"},"price":"","cl_rule":"show","col":3,"type":"date","error":false,"gt_translate_keys":["label","placeholder","tooltip"],"price_dependency":false,"cl_dependency":false,"value":""}],[{"elementId":"separator_7646d9d3e7140e","separatorType":"blank","className":"","height":"20","enableCl":false,"relations":[{"operator":"and","rules":[{"operator":"AND","rules":{"cl_field":"checkbox_7646d9d3e713e6","cl_relation":"is","cl_val":true}}]}],"cl_rule":"show","col":6,"type":"separator","error":false,"gt_translate_keys":[],"price_dependency":false,"cl_dependency":false,"value":""}],[{"active":true,"col":6,"relations":[{"operator":false,"rules":[{"operator":"and","rules":{"cl_field":"date_2646d9d3e71322","cl_relation":"is_not_empty","cl_val":true}},{"operator":"AND","rules":{"cl_field":"select_5646d9d3e71349","cl_relation":"is_not_empty","cl_val":""}}]}],"cl_rule":"show","enableCl":true,"price":"","enablePrice":false,"className":"","label_position":"default","desc_position":"default","type":"header","required":false,"elementId":"header_9407811393","label":"<strong>Aventura Park<\/strong> : Taille minimum 1 m 40","subtype":"h3","error":false,"gt_translate_keys":["label"],"price_dependency":false,"cl_dependency":false,"value":""}],[{"active":true,"col":6,"relations":[{"operator":false,"rules":[{"operator":"and","rules":{"cl_field":"date_2646d9d3e71322","cl_relation":"is_not_empty","cl_val":""}},{"operator":"AND","rules":{"cl_field":"select_5646d9d3e71349","cl_relation":"is_not_empty","cl_val":""}}]}],"cl_rule":"show","enableCl":true,"price":"(35*{value})","enablePrice":true,"className":"","label_position":"default","desc_position":"default","type":"number","required":true,"elementId":"number_4646d9d3e71431","label":"Aventura Park: 35\u20ac\/p = 4 parcours en acc\u00e8s illimit\u00e9","name":"number_4646d9d3e71431","value":"","error":false,"pricingType":"custom","description":"","tooltip":"","placeholder":"Nombre de participants","cartLabel":"Aventura Park","isTemplate":false,"disable_manual_input":false,"step":"1","charleft":false,"min":"0","max":"15","pattern":"^(100|[1-9]?[0-9])$","minValueError":"","maxValueError":"Pour un groupe sup\u00e9rieur \u00e0 15 participants, merci de nous contacter directement par t\u00e9l\u00e9phone ou mail","enable_quantity":false,"quantity_label":"Quantity","gt_translate_keys":["label","placeholder","description","value","tooltip","quantity_label","minValueError","maxValueError"],"price_dependency":false,"cl_dependency":["number_0533651165","number_4484881869"]}],[{"active":true,"col":3,"relations":[{"operator":false,"rules":[{"operator":"AND","rules":{"cl_field":"number_4646d9d3e71431","cl_relation":"is_not_empty","cl_val":""}}]}],"cl_rule":"show","enableCl":true,"price":"3","enablePrice":true,"className":"","label_position":"default","desc_position":"default","type":"number","required":false,"elementId":"number_0533651165","label":"Quick Jump (suppl\u00e9ment de 3\u20ac\/saut)","name":"number_0533651165","value":"","error":false,"pricingType":"multiply","tooltip":"Sortez de votre zone de confort et allez au bout de vous-m\u00eame en vous faisant encadrer par un de nos op\u00e9rateurs sur le Quick Jump, un saut de 13M dans le vide. Vous devrez affronter le vide, une fois le grand pas franchi, le descendeur vous laissera d'abord une phase de chute libre avant de vous freiner jusqu'au sol. <br \/>\n<br \/>\nIl ne s'agit pas d'un parcours suppl\u00e9mentaire, mais d'un atelier sensationnel encadr\u00e9 par un professionnel. Co\u00fbt de 3,00 \u20ac par personne et par saut.","cartLabel":"Quick Jump","placeholder":"Nombre de saut","pattern":"^(100|[1-9]?[0-9])$","gt_translate_keys":["label","placeholder","value","tooltip"],"price_dependency":false,"cl_dependency":false},{"active":true,"col":3,"relations":[{"operator":false,"rules":[{"operator":"AND","rules":{"cl_field":"number_4646d9d3e71431","cl_relation":"is_not_empty","cl_val":""}}]}],"cl_rule":"show","enableCl":true,"price":"3","enablePrice":true,"className":"","label_position":"default","desc_position":"default","type":"number","required":false,"elementId":"number_4484881869","label":"Tyrolienne 300M (suppl\u00e9ment de 3\u20ac\/tyrolienne)","name":"number_4484881869","value":"","error":false,"placeholder":"Nombre de tyro 300M","tooltip":"Gr\u00e2ce \u00e0 cette incroyable tyrolienne de 300m, survolez d'abord la canop\u00e9e Ubayenne puis traverser la rivi\u00e8re Ubaye. Vitesse et frissons garanties ! Un op\u00e9rateur du parc vous accompagnera pour vous aider \u00e0 acc\u00e9der et vous encadrer sur cette tyrolienne.","pricingType":"multiply","pattern":"^(100|[1-9]?[0-9])$","gt_translate_keys":["label","placeholder","value","tooltip"],"price_dependency":false,"cl_dependency":false}],[{"elementId":"separator_9646d9d3e7147d","separatorType":"blank","className":"","height":"10","enableCl":true,"relations":[{"operator":false,"rules":[{"operator":"and","rules":{"cl_field":"date_2646d9d3e71322","cl_relation":"is_not_empty","cl_val":""}},{"operator":"AND","rules":{"cl_field":"select_5646d9d3e71349","cl_relation":"is_not_empty","cl_val":""}}]}],"cl_rule":"show","col":6,"type":"separator","error":false,"gt_translate_keys":[],"price_dependency":false,"cl_dependency":false,"value":""}],[{"label":"<strong>Kid Park<\/strong> : Minimum 90 cm et 3 ans","active":true,"elementId":"header-3977174186","className":"","subtype":"h3","enableCl":true,"relations":[{"operator":false,"rules":[{"operator":"and","rules":{"cl_field":"date_2646d9d3e71322","cl_relation":"is_not_empty","cl_val":""}},{"operator":"AND","rules":{"cl_field":"select_5646d9d3e71349","cl_relation":"is_not_empty","cl_val":""}}]}],"cl_rule":"show","col":6,"type":"header","error":false,"gt_translate_keys":["label"],"price_dependency":false,"cl_dependency":false,"value":""}],[{"label":"Kid Park: 20\u20ac\/p = 2 parcours en acc\u00e8s illimit\u00e9","active":true,"required":false,"elementId":"number_3646d9d3e71457","value":"","name":"number_3646d9d3e71457","label_position":"default","desc_position":"default","enablePrice":true,"className":"","enableCl":true,"relations":[{"operator":false,"rules":[{"operator":"and","rules":{"cl_field":"date_2646d9d3e71322","cl_relation":"is_not_empty","cl_val":""}},{"operator":"AND","rules":{"cl_field":"select_5646d9d3e71349","cl_relation":"is_not_empty","cl_val":""}}]}],"pricingType":"custom","price":"(20*{value})","cl_rule":"show","col":6,"type":"number","error":false,"description":"","placeholder":"Nombre de participants","cartLabel":"Kid Park","isTemplate":false,"min":"0","pattern":"^(100|[1-9]?[0-9])$","max":"15","maxValueError":"Pour un groupe sup\u00e9rieur \u00e0 15 participants, merci de nous contacter directement par t\u00e9l\u00e9phone ou mail","gt_translate_keys":["label","placeholder","description","value","maxValueError"],"price_dependency":false,"cl_dependency":["number_4932321256"]}],[{"active":true,"col":3,"relations":[{"operator":false,"rules":[{"operator":"AND","rules":{"cl_field":"number_3646d9d3e71457","cl_relation":"is_not_empty","cl_val":""}}]}],"cl_rule":"show","enableCl":true,"price":"3","enablePrice":true,"className":"","label_position":"default","desc_position":"default","type":"number","required":false,"elementId":"number_4932321256","label":"Tyrolienne g\u00e9ante (suppl\u00e9ment de 3\u20ac\/tyrolienne)","name":"number_4932321256","value":"","error":false,"tooltip":"Si votre enfant le souhaite, nous vous proposons la possibilit\u00e9 de le faire accompagner par un des professionnels du parc sur une des tyroliennes g\u00e9antes d'Aventura Parc, normalement r\u00e9serv\u00e9es aux adultes !","placeholder":"Nombre de tyro g\u00e9ante","pricingType":"multiply","cartLabel":"Kid Park => suppl\u00e9ment tyrolienne g\u00e9ante","pattern":"^(100|[1-9]?[0-9])$","gt_translate_keys":["label","placeholder","value","tooltip"],"price_dependency":false,"cl_dependency":false}],[{"elementId":"separator-5170543720","separatorType":"blank","className":"","height":"20","enableCl":true,"relations":[{"operator":false,"rules":[{"operator":"and","rules":{"cl_field":"date_2646d9d3e71322","cl_relation":"is_not_empty","cl_val":""}},{"operator":"AND","rules":{"cl_field":"select_5646d9d3e71349","cl_relation":"is_not_empty","cl_val":""}}]}],"cl_rule":"show","col":6,"type":"separator","error":false,"gt_translate_keys":[],"price_dependency":false,"cl_dependency":false,"value":""}],[{"active":true,"col":6,"relations":[{"operator":false,"rules":[{"operator":"and","rules":{"cl_field":"date_2646d9d3e71322","cl_relation":"is_not_empty","cl_val":""}},{"operator":"AND","rules":{"cl_field":"select_5646d9d3e71349","cl_relation":"is_not_empty","cl_val":""}}]}],"cl_rule":"show","enableCl":true,"price":"","enablePrice":false,"className":"","label_position":"default","desc_position":"default","type":"radio-group","required":false,"elementId":"radio-group_0646d9d3e714a9","label":"Souhaitez vous nous communiquer des informations compl\u00e9mentaires li\u00e9es \u00e0 votre pr\u00e9-r\u00e9servation ?","name":"radio-group_0646d9d3e714a9","values":[{"label":"Oui","value":"Oui","selected":false,"tempId":"aco_3078","gt_translate_keys":["label"]},{"label":"Non","value":"Non","selected":true,"tempId":"aco_3079","gt_translate_keys":["label"]}],"layOut":"inline","error":false,"checkUi":"","hideFieldIn_cart":true,"hideFieldIn_order":true,"enableDesign":true,"LabelColor":"#000000","scrollBar":false,"gt_translate_keys":["label"],"price_dependency":false,"cl_dependency":["separator_2646d9d3e714d0","textarea_10646d9d3e714f6"],"value":""}],[{"elementId":"separator_2646d9d3e714d0","separatorType":"blank","className":"","height":"10","enableCl":true,"relations":[{"operator":false,"rules":[{"operator":false,"rules":{"cl_field":"radio-group_0646d9d3e714a9","cl_relation":"is","cl_val":"Oui"}}]}],"cl_rule":"show","col":6,"type":"separator","error":false,"gt_translate_keys":[],"price_dependency":false,"cl_dependency":false,"value":""}],[{"active":true,"col":6,"relations":[{"operator":false,"rules":[{"operator":"AND","rules":{"cl_field":"radio-group_0646d9d3e714a9","cl_relation":"is","cl_val":"Oui"}}]}],"cl_rule":"show","enableCl":true,"price":"","enablePrice":false,"className":"","label_position":"default","desc_position":"default","type":"textarea","required":false,"elementId":"textarea_10646d9d3e714f6","label":"Informations compl\u00e9mentaires","name":"textarea_10646d9d3e714f6","value":"","rows":"3","error":false,"placeholder":"Texte libre","hideFieldIn_cart":false,"maxlength":"300","charleftMessage":"","maxlengthError":"","gt_translate_keys":["label","placeholder","value","maxlengthError"],"price_dependency":false,"cl_dependency":false}],[{"elementId":"separator-4516658267","separatorType":"blank","className":"","height":"10","enableCl":true,"relations":[{"operator":false,"rules":[{"operator":"and","rules":{"cl_field":"date_2646d9d3e71322","cl_relation":"is_not_empty","cl_val":""}},{"operator":"AND","rules":{"cl_field":"select_5646d9d3e71349","cl_relation":"is_not_empty","cl_val":""}}]}],"cl_rule":"show","col":6,"type":"separator","gt_translate_keys":[],"price_dependency":false,"cl_dependency":false,"value":""}],[{"contentType":"plain","active":true,"label":"PR\u00c9-R\u00c9SERVATION","elementId":"content_10646d9d3e7139a","value":"Dans le cas exceptionnel d'une impossibilit\u00e9 de notre part de vous accueillir sur le cr\u00e9neau s\u00e9lectionn\u00e9. Nous vous recontacterons le jour m\u00eame o\u00f9 vous avez finalis\u00e9 votre r\u00e9servation pour vous proposer un autre cr\u00e9neau au plus proche de celui d\u00e9sir\u00e9. Si cette contre proposition ne vous convient pas, nous vous garantissons un remboursement int\u00e9gral et imm\u00e9diat sur votre CB.","inline":false,"name":"content_10646d9d3e7139a","enablePrice":false,"className":"","subtype":"p","enableCl":true,"relations":[{"operator":false,"rules":[{"operator":"and","rules":{"cl_field":"date_2646d9d3e71322","cl_relation":"is_not_empty","cl_val":[]}},{"operator":"AND","rules":{"cl_field":"select_5646d9d3e71349","cl_relation":"is_not_empty","cl_val":""}}]}],"price":"","cl_rule":"show","col":6,"type":"content","error":false,"hideFieldIn_cart":true,"gt_translate_keys":["label","value"],"price_dependency":false,"cl_dependency":false}],[{"active":true,"col":6,"relations":[{"operator":false,"rules":[{"operator":"and","rules":{"cl_field":"date_2646d9d3e71322","cl_relation":"is_not_empty","cl_val":""}},{"operator":"AND","rules":{"cl_field":"select_5646d9d3e71349","cl_relation":"is_not_empty","cl_val":""}}]}],"cl_rule":"show","enableCl":true,"price":"","enablePrice":false,"className":"","label_position":"default","desc_position":"default","type":"checkbox","required":true,"elementId":"checkbox_7646d9d3e713e6","label":"Accepter ces conditions de pr\u00e9-r\u00e9servation ","name":"checkbox_7646d9d3e713e6","value":false,"check_value":"Oui","checkUi":"toggle","error":false,"hideFieldIn_cart":true,"enableDesign":false,"hideFieldIn_order":true,"gt_translate_keys":["label","value","check_value"],"price_dependency":false,"cl_dependency":["separator_3646d9d3e7151c","content-6958574117"]}],[{"elementId":"separator_3646d9d3e7151c","separatorType":"blank","className":"","height":"10","enableCl":true,"relations":[{"operator":false,"rules":[{"operator":false,"rules":{"cl_field":"checkbox_7646d9d3e713e6","cl_relation":"is","cl_val":true}}]}],"cl_rule":"show","col":6,"type":"separator","error":false,"gt_translate_keys":[],"price_dependency":false,"cl_dependency":false,"value":""}],[{"contentType":"plain","active":true,"label":"Formulaire termin\u00e9, vous pouvez cliquer sur \"Ajouter au panier\"","elementId":"content-6958574117","value":"","inline":false,"name":"content-6958574117","enablePrice":false,"className":"","subtype":"p","enableCl":true,"relations":[{"operator":false,"rules":[{"operator":"AND","rules":{"cl_field":"checkbox_7646d9d3e713e6","cl_relation":"is","cl_val":true}}]}],"price":"","cl_rule":"show","col":6,"type":"content","error":false,"gt_translate_keys":["label","value"],"price_dependency":false,"cl_dependency":false}]]}},"config":{"price_override":"always","enable_recaptcha":true,"bind_quantity":false,"quantity_bind_formula":"","disp_summ_show_option_price":true,"disp_summ_show_product_price":true,"disp_summ_show_total_price":true,"disp_summ_show_fee":false,"disp_summ_show_discount":false,"summary_title":"","options_total_label":"Options Price","total_label":"Total","options_product_label":"Product Price","fee_label":"Frais","discount_label":"Discount","has_price":true,"has_quantity_formula":false},"mc_unit":1,"tax_rate":1,"tax_rate_real":1,"discount":{"percentage":0,"fixed":0},"design":{"conf":{"LabelPosition":"above","DescPosition":"above","UploadField":"custom_1","QuantityFieldStyle":"default"},"css":{"LeftLabelWidth":"120px"}},"formulas":[],"lookuptables":[],"clones":false,"cartKey":false}},"_links":{"self":[{"href":"https:\/\/rapideaupark.com\/nl\/wp-json\/wp\/v2\/product\/81568","targetHints":{"allow":["GET"]}}],"collection":[{"href":"https:\/\/rapideaupark.com\/nl\/wp-json\/wp\/v2\/product"}],"about":[{"href":"https:\/\/rapideaupark.com\/nl\/wp-json\/wp\/v2\/types\/product"}],"replies":[{"embeddable":true,"href":"https:\/\/rapideaupark.com\/nl\/wp-json\/wp\/v2\/comments?post=81568"}],"version-history":[{"count":0,"href":"https:\/\/rapideaupark.com\/nl\/wp-json\/wp\/v2\/product\/81568\/revisions"}],"wp:featuredmedia":[{"embeddable":true,"href":"https:\/\/rapideaupark.com\/nl\/wp-json\/wp\/v2\/media\/31426"}],"wp:attachment":[{"href":"https:\/\/rapideaupark.com\/nl\/wp-json\/wp\/v2\/media?parent=81568"}],"wp:term":[{"taxonomy":"product_brand","embeddable":true,"href":"https:\/\/rapideaupark.com\/nl\/wp-json\/wp\/v2\/product_brand?post=81568"},{"taxonomy":"product_cat","embeddable":true,"href":"https:\/\/rapideaupark.com\/nl\/wp-json\/wp\/v2\/product_cat?post=81568"},{"taxonomy":"product_tag","embeddable":true,"href":"https:\/\/rapideaupark.com\/nl\/wp-json\/wp\/v2\/product_tag?post=81568"}],"curies":[{"name":"wp","href":"https:\/\/api.w.org\/{rel}","templated":true}]}}