{"id":723008,"date":"2024-06-18T12:44:04","date_gmt":"2024-06-18T10:44:04","guid":{"rendered":"https:\/\/rapideaupark.com\/?post_type=product&#038;p=723008"},"modified":"2025-08-23T12:30:27","modified_gmt":"2025-08-23T10:30:27","slug":"rafting-integrale-ubaye","status":"publish","type":"product","link":"https:\/\/rapideaupark.com\/nl\/rafting-integrale-ubaye\/","title":{"rendered":"Integrale Rafting Ubaye"},"content":{"rendered":"","protected":false},"excerpt":{"rendered":"","protected":false},"featured_media":723086,"comment_status":"open","ping_status":"closed","template":"","meta":{"_acf_changed":false},"product_brand":[],"product_cat":[64,71],"product_tag":[85,86,67,88,89],"class_list":{"0":"post-723008","1":"product","2":"type-product","3":"status-publish","4":"has-post-thumbnail","6":"product_cat-activites-nautiques","7":"product_cat-embarcations-de-groupes","8":"product_tag-a-partir-de-10-ans","9":"product_tag-a-partir-de-12-ans","10":"product_tag-hautement-sensationnelle","11":"product_tag-activite-reservable-en-ligne","12":"product_tag-tres-sportif","13":"wcpa_has_options","15":"first","16":"instock","17":"virtual","18":"purchasable","19":"product-type-simple"},"acf":[],"wcpa_form_fields":{"wcpaData":{"product":{"product_price":110,"price_html":"<span class=\"woocommerce-Price-amount amount\"><bdi>110,00<span class=\"woocommerce-Price-currencySymbol\">&euro;<\/span><\/bdi><\/span>","original_product_price":110,"price_including_tax":110,"price_excluding_tax":110,"product_id":{"parent":723008,"variation":false},"is_variable":false,"stock_status":"instock","stock_quantity":null,"parent_sku":"","product_attributes":[],"custom_fields":{"wcpa_pcf_plein_tarif":"110","wcpa_pcf_tarif_enfant":"110","wcpa_pcf_rdv_1":"10:00","wcpa_pcf_rdv_2":"13:00","wcpa_pcf_rdv_3":"15:30","wcpa_pcf_nom_activite":"Rafting int\u00e9gral","wcpa_pcf_prix_pack_famille":"","wcpa_pcf_nom_parcours_1":"","wcpa_pcf_type_prerequis_p1":"","wcpa_pcf_prerequis_p1":"10 ans","wcpa_pcf_nom_parcours_2":"","wcpa_pcf_type_prerequis_p2":"","wcpa_pcf_prerequis_p2":"","wcpa_pcf_rdv_4":"16:45"},"is_taxable":false,"product_name":"Rafting Int\u00e9gral Ubaye","hasImage":false},"fields":{"sec_064194d8446ec9":{"extra":{"key":"sec_064194d8446ec9","section_id":"sec_064194d8446ec9","name":"Default","status":1,"cl_rule":"show","enableCl":false,"relations":[],"toggle":true,"title_tag":"h3","show_title":false,"showPrice":"default","form_id":50476,"form_rules":{"exclude_from_discount":false,"fee_label":"Frais","disp_hide_options_price":false,"disp_show_section_price":false,"disp_show_field_price":true,"layout_option":"standard","pric_use_as_fee":false,"process_fee_as":"custom"},"layout_option":"standard"},"fields":[[{"active":true,"col":6,"relations":false,"cl_rule":"show","enableCl":false,"price":"","enablePrice":false,"className":"","label_position":"default","desc_position":"default","type":"header","required":false,"elementId":"header_464194d8446f3d","label":"R\u00e9servez votre activit\u00e9 Rafting int\u00e9gral","subtype":"h3","error":false,"enableDesign":false,"gt_translate_keys":["label"],"price_dependency":false,"cl_dependency":false,"value":""}],[{"label":"Date ","active":true,"required":true,"elementId":"date_464194d8446f87","picker_type":"custom","picker_mode":"single","name":"date_464194d8446f87","label_position":"default","desc_position":"default","enablePrice":false,"className":"","enableCl":false,"relations":false,"mapToCheckout":false,"min_date":{"type":"date","val":"2026-05-01"},"max_date":"","date_pic_conf":{"dateFormat":"(d-m-Y)"},"price":"","cl_rule":"show","col":3,"type":"date","error":false,"enableDesign":false,"date_pic_inline":false,"date_pic_inline_hide":false,"tooltip":"Si la date souhait\u00e9e n'est pas disponible \u00e0 la r\u00e9servation en ligne, \u00e7a ne signifie pas n\u00e9cessairement que nous sommes complets \u00e0 cette p\u00e9riode. Merci alors de nous contacter par t\u00e9l\u00e9phone pour mettre en place ensemble cette r\u00e9servation. Notre contact : 04 92 81 92 03 ou 06 86 99 97 28.","placeholder":"Date de l'activit\u00e9","isWeightTemplate":false,"isTemplate":false,"min_quantity":"1","quantity_decimal":false,"quantity_step":"1","quantity_label":"Quantity","repeater_field_label":"{field_label}","repeater_bind":"","gt_translate_keys":["label","placeholder","tooltip","repeater_field_label","quantity_label"],"price_dependency":false,"cl_dependency":["date-4420335222","separator_664194d8446fe1","header_1064194d84470a7","number_8419513778","separator-7227240815","content_864194d844700a","checkbox_164194d8447058"],"value":""},{"label":"Heure ","active":true,"required":true,"elementId":"select_1064194d8446fb3","name":"select_1064194d8446fb3","label_position":"default","desc_position":"default","enablePrice":false,"className":"","enableCl":false,"relations":false,"values":[{"id":1,"selected":false,"label":"10:00","value":"10:00","gt_translate_keys":["label"]},{"id":2,"selected":false,"label":"13:00","value":"13:00","gt_translate_keys":["label"]},{"id":3,"selected":false,"label":"15:30","value":"15:30","gt_translate_keys":["label"]},{"id":4,"selected":false,"label":"16:45","value":"16:45","gt_translate_keys":["label"]}],"price":"","cl_rule":"show","col":3,"type":"select","error":false,"enable_quantity":false,"quantity_label":"Quantity","enable_product_image":false,"min_quantity":"1","placeholder":"Heure du rendez-vous","dropdown_type":"basic","gt_translate_keys":["label","placeholder","quantity_label"],"price_dependency":false,"cl_dependency":["separator_664194d8446fe1","header_1064194d84470a7","number_8419513778","separator-7227240815","content_864194d844700a","checkbox_164194d8447058"],"value":""}],[{"label":"Date r\u00e9servation instantan\u00e9e ","active":true,"required":false,"elementId":"date-4420335222","picker_type":"custom","picker_mode":"single","placeholder":"Date de l'activit\u00e9","tooltip":"Ce champ de s\u00e9lection de date vous permet de r\u00e9server votre activit\u00e9 pour le jour m\u00eame. Si vous n'avez pas \u00e9t\u00e9 invit\u00e9s par notre \u00e9quipe \u00e0 faire une r\u00e9servation pour le jour m\u00eame, nous vous invitons \u00e0 ne pas le remplir et pr\u00e9f\u00e9rer le champ de s\u00e9lection de date ci-dessus.","name":"date-4420335222","label_position":"default","desc_position":"default","enablePrice":false,"className":"","enableCl":true,"relations":[{"operator":false,"rules":[{"operator":"AND","rules":{"cl_field":"date_464194d8446f87","cl_relation":"is","cl_val":"2023-10-15"}}]}],"enableDesign":false,"mapToCheckout":false,"date_pic_inline":false,"date_pic_inline_hide":false,"min_date":{"type":"days","val":"0"},"max_date":{"type":"days","val":"1"},"date_pic_conf":{"dateFormat":"(d-m-Y)"},"price":"","cl_rule":"show","col":3,"type":"date","error":false,"gt_translate_keys":["label","placeholder","tooltip"],"price_dependency":false,"cl_dependency":false,"value":""}],[{"active":true,"col":6,"relations":[{"operator":false,"rules":[{"operator":"and","rules":{"cl_field":"date_464194d8446f87","cl_relation":"is_not_empty","cl_val":""}},{"operator":"AND","rules":{"cl_field":"select_1064194d8446fb3","cl_relation":"is_not_empty","cl_val":""}}]}],"cl_rule":"show","enableCl":true,"price":"","enablePrice":false,"className":"","label_position":"default","desc_position":"default","type":"separator","required":false,"elementId":"separator_664194d8446fe1","label":"Separator Field","height":"15","separatorType":"blank","error":false,"gt_translate_keys":["label"],"price_dependency":false,"cl_dependency":false,"value":""}],[{"active":true,"col":6,"relations":[{"operator":false,"rules":[{"operator":"and","rules":{"cl_field":"date_464194d8446f87","cl_relation":"is_not_empty","cl_val":""}},{"operator":"AND","rules":{"cl_field":"select_1064194d8446fb3","cl_relation":"is_not_empty","cl_val":""}}]}],"cl_rule":"show","enableCl":true,"price":"","enablePrice":false,"className":"","label_position":"default","desc_position":"default","type":"header","required":false,"elementId":"header_1064194d84470a7","label":"Merci de renseigner le nombre de participants","subtype":"h2","error":false,"gt_translate_keys":["label"],"price_dependency":false,"cl_dependency":["separator_1064194d84470d0"],"value":""}],[{"elementId":"separator_1064194d84470d0","separatorType":"blank","className":"","height":"15","enableCl":true,"relations":[{"operator":false,"rules":[{"operator":"AND","rules":{"cl_field":"header_1064194d84470a7","cl_relation":"is_visible","cl_val":""}}]}],"cl_rule":"show","col":6,"type":"separator","error":false,"gt_translate_keys":[],"price_dependency":false,"cl_dependency":false,"value":""}],[{"active":true,"col":3,"relations":[{"operator":false,"rules":[{"operator":"and","rules":{"cl_field":"date_464194d8446f87","cl_relation":"is_not_empty","cl_val":""}},{"operator":"AND","rules":{"cl_field":"select_1064194d8446fb3","cl_relation":"is_not_empty","cl_val":""}}]}],"cl_rule":"show","enableCl":true,"price":"(110*{value})","enablePrice":true,"className":"","label_position":"default","desc_position":"default","type":"number","required":true,"elementId":"number_8419513778","label":"Plein tarif: 110 \u20ac\/p. ","name":"number_8419513778","value":"","error":false,"placeholder":"Nombre de participants","pricingType":"custom","isTemplate":false,"cartLabel":"Plein tarif ","min":"1","max":"15","maxValueError":"Pour un groupe sup\u00e9rieur \u00e0 15 participants, merci de nous contacter directement par t\u00e9l\u00e9phone ou mail","pattern":"^(100|[1-9]?[0-9])$","gt_translate_keys":["label","placeholder","value","maxValueError"],"price_dependency":false,"cl_dependency":["text_064194d8447190"]},{"active":true,"col":3,"relations":[{"operator":false,"rules":[{"operator":false,"rules":{"cl_field":"number_8419513778","cl_relation":"is_not_empty","cl_val":""}}]}],"cl_rule":"show","enableCl":true,"price":"","enablePrice":false,"className":"","label_position":"default","desc_position":"default","type":"text","subtype":"text","required":false,"elementId":"text_064194d8447190","label":"Certains des participants sont ils mineurs ? ","name":"text_064194d8447190","value":"","error":false,"placeholder":"\u00c2ge des mineurs","hideFieldIn_cart":false,"hideFieldIn_order":false,"maxlength":"100","cartLabel":"Participants mineurs ","gt_translate_keys":["label","placeholder","value"],"price_dependency":false,"cl_dependency":false}],[{"elementId":"separator-7227240815","separatorType":"blank","className":"","height":"15","enableCl":true,"relations":[{"operator":false,"rules":[{"operator":"and","rules":{"cl_field":"date_464194d8446f87","cl_relation":"is_not_empty","cl_val":""}},{"operator":"AND","rules":{"cl_field":"select_1064194d8446fb3","cl_relation":"is_not_empty","cl_val":""}}]}],"cl_rule":"show","col":6,"type":"separator","gt_translate_keys":[],"price_dependency":false,"cl_dependency":false,"value":""}],[{"contentType":"plain","active":true,"label":"PR\u00c9-R\u00c9SERVATION","elementId":"content_864194d844700a","value":"Dans le cas exceptionnel d'une impossibilit\u00e9 de notre part de vous accueillir sur le cr\u00e9neau s\u00e9lectionn\u00e9. Nous vous recontacterons le jour m\u00eame o\u00f9 vous avez finalis\u00e9 votre r\u00e9servation pour vous proposer un autre cr\u00e9neau au plus proche de celui d\u00e9sir\u00e9. Si cette contre proposition ne vous convient pas, nous vous garantissons un remboursement int\u00e9gral et imm\u00e9diat sur votre CB.","inline":false,"name":"content_864194d844700a","enablePrice":false,"className":"","subtype":"p","enableCl":true,"relations":[{"operator":false,"rules":[{"operator":"and","rules":{"cl_field":"select_1064194d8446fb3","cl_relation":"is_not_empty","cl_val":""}},{"operator":"AND","rules":{"cl_field":"date_464194d8446f87","cl_relation":"is_not_empty","cl_val":""}}]}],"price":"","cl_rule":"show","col":6,"type":"content","error":false,"hideFieldIn_cart":true,"gt_translate_keys":["label","value"],"price_dependency":false,"cl_dependency":false}],[{"active":true,"col":6,"relations":[{"operator":false,"rules":[{"operator":"and","rules":{"cl_field":"select_1064194d8446fb3","cl_relation":"is_not_empty","cl_val":""}},{"operator":"AND","rules":{"cl_field":"date_464194d8446f87","cl_relation":"is_not_empty","cl_val":""}}]}],"cl_rule":"show","enableCl":true,"price":"","enablePrice":false,"className":"","label_position":"default","desc_position":"default","type":"checkbox","required":true,"elementId":"checkbox_164194d8447058","label":"Accepter ces conditions de pr\u00e9-r\u00e9servation ","name":"checkbox_164194d8447058","value":false,"check_value":"Oui","checkUi":"toggle","error":false,"hideFieldIn_cart":true,"enableDesign":false,"hideFieldIn_order":true,"gt_translate_keys":["label","value","check_value"],"price_dependency":false,"cl_dependency":["separator_564194d84471b8","radio-group_664194d84471e4","separator_064194d8447288","content-7230812723"]}],[{"elementId":"separator_564194d84471b8","separatorType":"blank","className":"","height":"25","enableCl":true,"relations":[{"operator":false,"rules":[{"operator":false,"rules":{"cl_field":"checkbox_164194d8447058","cl_relation":"is","cl_val":true}}]}],"cl_rule":"show","col":6,"type":"separator","error":false,"gt_translate_keys":[],"price_dependency":false,"cl_dependency":false,"value":""}],[{"active":true,"col":6,"relations":[{"operator":false,"rules":[{"operator":"AND","rules":{"cl_field":"checkbox_164194d8447058","cl_relation":"is","cl_val":true}}]}],"cl_rule":"show","enableCl":true,"price":"","enablePrice":false,"className":"","label_position":"default","desc_position":"default","type":"radio-group","required":false,"elementId":"radio-group_664194d84471e4","label":"Souhaitez vous nous communiquer des informations compl\u00e9mentaires li\u00e9es \u00e0 votre pr\u00e9-r\u00e9servation ?","name":"radio-group_664194d84471e4","values":[{"label":"Oui","value":"Oui","selected":false,"tempId":"aco_3078","gt_translate_keys":["label"]},{"label":"Non","value":"Non","selected":true,"tempId":"aco_3079","gt_translate_keys":["label"]}],"layOut":"inline","error":false,"checkUi":"","hideFieldIn_cart":true,"hideFieldIn_order":true,"enableDesign":true,"LabelColor":"#000000","scrollBar":false,"gt_translate_keys":["label"],"price_dependency":false,"cl_dependency":["separator_564194d8447235","textarea_864194d8447260"],"value":""}],[{"elementId":"separator_564194d8447235","separatorType":"blank","className":"","height":"10","enableCl":true,"relations":[{"operator":false,"rules":[{"operator":false,"rules":{"cl_field":"radio-group_664194d84471e4","cl_relation":"is","cl_val":"Oui"}}]}],"cl_rule":"show","col":6,"type":"separator","error":false,"gt_translate_keys":[],"price_dependency":false,"cl_dependency":false,"value":""}],[{"active":true,"col":6,"relations":[{"operator":false,"rules":[{"operator":"AND","rules":{"cl_field":"radio-group_664194d84471e4","cl_relation":"is","cl_val":"Oui"}}]}],"cl_rule":"show","enableCl":true,"price":"","enablePrice":false,"className":"","label_position":"default","desc_position":"default","type":"textarea","required":false,"elementId":"textarea_864194d8447260","label":"Informations compl\u00e9mentaires","name":"textarea_864194d8447260","value":"","rows":"3","error":false,"placeholder":"Texte libre","hideFieldIn_cart":false,"maxlength":"300","gt_translate_keys":["label","placeholder","value"],"price_dependency":false,"cl_dependency":false}],[{"elementId":"separator_064194d8447288","separatorType":"blank","className":"","height":"10","enableCl":true,"relations":[{"operator":false,"rules":[{"operator":false,"rules":{"cl_field":"checkbox_164194d8447058","cl_relation":"is","cl_val":true}}]}],"cl_rule":"show","col":6,"type":"separator","error":false,"gt_translate_keys":[],"price_dependency":false,"cl_dependency":false,"value":""}],[{"contentType":"plain","active":true,"label":"Formulaire termin\u00e9, vous pouvez cliquer sur \"Ajouter au panier\"","elementId":"content-7230812723","value":"","inline":false,"name":"content-7230812723","enablePrice":false,"className":"","subtype":"p","enableCl":true,"relations":[{"operator":false,"rules":[{"operator":"AND","rules":{"cl_field":"checkbox_164194d8447058","cl_relation":"is","cl_val":true}}]}],"price":"","cl_rule":"show","col":6,"type":"content","error":false,"gt_translate_keys":["label","value"],"price_dependency":false,"cl_dependency":false}]]}},"config":{"price_override":"always","enable_recaptcha":true,"bind_quantity":false,"quantity_bind_formula":"0","disp_summ_show_option_price":true,"disp_summ_show_product_price":true,"disp_summ_show_total_price":true,"disp_summ_show_fee":false,"disp_summ_show_discount":false,"summary_title":"R\u00e9sum\u00e9","options_total_label":"Option de prix","total_label":"Total","options_product_label":"Prix du produit","fee_label":"Frais","discount_label":"Promotion","has_price":true,"has_quantity_formula":false},"mc_unit":1,"tax_rate":1,"tax_rate_real":1,"discount":{"percentage":0,"fixed":0},"design":{"conf":{"LabelPosition":"above","DescPosition":"above","UploadField":"custom_1","QuantityFieldStyle":"default"},"css":{"LeftLabelWidth":"120px"}},"formulas":[],"lookuptables":[],"clones":false,"cartKey":false}},"_links":{"self":[{"href":"https:\/\/rapideaupark.com\/nl\/wp-json\/wp\/v2\/product\/723008","targetHints":{"allow":["GET"]}}],"collection":[{"href":"https:\/\/rapideaupark.com\/nl\/wp-json\/wp\/v2\/product"}],"about":[{"href":"https:\/\/rapideaupark.com\/nl\/wp-json\/wp\/v2\/types\/product"}],"replies":[{"embeddable":true,"href":"https:\/\/rapideaupark.com\/nl\/wp-json\/wp\/v2\/comments?post=723008"}],"version-history":[{"count":0,"href":"https:\/\/rapideaupark.com\/nl\/wp-json\/wp\/v2\/product\/723008\/revisions"}],"wp:featuredmedia":[{"embeddable":true,"href":"https:\/\/rapideaupark.com\/nl\/wp-json\/wp\/v2\/media\/723086"}],"wp:attachment":[{"href":"https:\/\/rapideaupark.com\/nl\/wp-json\/wp\/v2\/media?parent=723008"}],"wp:term":[{"taxonomy":"product_brand","embeddable":true,"href":"https:\/\/rapideaupark.com\/nl\/wp-json\/wp\/v2\/product_brand?post=723008"},{"taxonomy":"product_cat","embeddable":true,"href":"https:\/\/rapideaupark.com\/nl\/wp-json\/wp\/v2\/product_cat?post=723008"},{"taxonomy":"product_tag","embeddable":true,"href":"https:\/\/rapideaupark.com\/nl\/wp-json\/wp\/v2\/product_tag?post=723008"}],"curies":[{"name":"wp","href":"https:\/\/api.w.org\/{rel}","templated":true}]}}