{"id":40392,"date":"2023-03-09T12:12:34","date_gmt":"2023-03-09T08:12:34","guid":{"rendered":"https:\/\/rapideaupark.com\/?post_type=product&#038;p=40392"},"modified":"2026-03-31T15:41:02","modified_gmt":"2026-03-31T13:41:02","slug":"rafting","status":"publish","type":"product","link":"https:\/\/rapideaupark.com\/nl\/rafting\/","title":{"rendered":"Rafting Mythique Ubaye"},"content":{"rendered":"","protected":false},"excerpt":{"rendered":"<p>Een vlot is een onzinkbare, zelflozende, met peddels aangedreven boot onder leiding van een gekwalificeerde gids. Zowel speels als sportief, het zorgt voor een geweldig moment van gezelligheid!<\/p>","protected":false},"featured_media":719229,"comment_status":"open","ping_status":"closed","template":"","meta":{"_acf_changed":false},"product_brand":[],"product_cat":[64,71],"product_tag":[85,86,66,67,88],"class_list":{"0":"post-40392","1":"product","2":"type-product","3":"status-publish","4":"has-post-thumbnail","6":"product_cat-activites-nautiques","7":"product_cat-embarcations-de-groupes","8":"product_tag-a-partir-de-10-ans","9":"product_tag-a-partir-de-12-ans","10":"product_tag-activite-familiale","11":"product_tag-hautement-sensationnelle","12":"product_tag-activite-reservable-en-ligne","13":"wcpa_has_options","15":"first","16":"instock","17":"shipping-taxable","18":"purchasable","19":"product-type-simple"},"acf":[],"wcpa_form_fields":{"wcpaData":{"product":{"product_price":55,"price_html":"<span class=\"woocommerce-Price-amount amount\"><bdi>55,00<span class=\"woocommerce-Price-currencySymbol\">&euro;<\/span><\/bdi><\/span>","original_product_price":55,"price_including_tax":55,"price_excluding_tax":55,"product_id":{"parent":40392,"variation":false},"is_variable":false,"stock_status":"instock","stock_quantity":null,"parent_sku":"","product_attributes":[],"custom_fields":{"wcpa_pcf_plein_tarif":"55","wcpa_pcf_tarif_enfant":"48","wcpa_pcf_rdv_1":"10:00","wcpa_pcf_rdv_2":"13:00","wcpa_pcf_rdv_3":"15:30","wcpa_pcf_nom_activite":"rafting","wcpa_pcf_prix_pack_famille":"185","wcpa_pcf_nom_parcours_1":"","wcpa_pcf_type_prerequis_p1":"","wcpa_pcf_prerequis_p1":"","wcpa_pcf_nom_parcours_2":"","wcpa_pcf_type_prerequis_p2":"","wcpa_pcf_prerequis_p2":"","wcpa_pcf_rdv_4":"16:45"},"is_taxable":false,"product_name":"Rafting Mythique Ubaye","hasImage":false},"fields":{"sec_164072e4ea1f66":{"extra":{"key":"sec_164072e4ea1f66","section_id":"sec_164072e4ea1f66","name":"Default","status":1,"cl_rule":"show","enableCl":false,"relations":[],"toggle":true,"title_tag":"h3","show_title":false,"showPrice":"default","form_id":39194,"form_rules":{"exclude_from_discount":false,"fee_label":"Frais","disp_hide_options_price":false,"disp_show_section_price":false,"disp_show_field_price":true,"layout_option":"standard","pric_use_as_fee":false,"process_fee_as":"custom"},"layout_option":"standard"},"fields":[[{"active":true,"col":6,"relations":false,"cl_rule":"show","enableCl":false,"price":"","enablePrice":false,"className":"","label_position":"default","desc_position":"default","type":"header","required":false,"elementId":"header_8564967232","label":"R\u00e9servez votre activit\u00e9 rafting","subtype":"h3","error":false,"enableDesign":false,"gt_translate_keys":["label"],"price_dependency":false,"cl_dependency":false,"value":""}],[{"label":"Date ","active":true,"required":true,"elementId":"date-4127252224","picker_type":"custom","picker_mode":"single","name":"date-4127252224","label_position":"default","desc_position":"default","enablePrice":false,"className":"","enableCl":false,"relations":false,"mapToCheckout":false,"min_date":{"type":"date","val":"2026-05-01"},"max_date":"","date_pic_conf":{"dateFormat":"(d-m-Y)"},"price":"","cl_rule":"show","col":3,"type":"date","error":false,"enableDesign":false,"date_pic_inline":false,"date_pic_inline_hide":false,"tooltip":"Si la date souhait\u00e9e n'est pas disponible \u00e0 la r\u00e9servation en ligne, \u00e7a ne signifie pas n\u00e9cessairement que nous sommes complets \u00e0 cette p\u00e9riode. Merci alors de nous contacter par t\u00e9l\u00e9phone pour mettre en place ensemble cette r\u00e9servation. Notre contact : 04 92 81 92 03 ou 06 86 99 97 28.","placeholder":"Date de l'activit\u00e9","isWeightTemplate":false,"isTemplate":false,"min_quantity":"1","quantity_decimal":false,"quantity_step":"1","quantity_label":"Quantity","repeater_field_label":"{field_label}","repeater_bind":"","gt_translate_keys":["label","placeholder","tooltip","repeater_field_label","quantity_label"],"price_dependency":false,"cl_dependency":["date-7953688073","separator_3552506113","header_8618812390","radio_1833319125"],"value":""},{"label":"Heure ","active":true,"required":true,"elementId":"select-4392752233","name":"select-4392752233","label_position":"default","desc_position":"default","enablePrice":false,"className":"","enableCl":false,"relations":false,"values":[{"id":1,"selected":false,"label":"10:00","value":"10:00","gt_translate_keys":["label"]},{"id":2,"selected":false,"label":"13:00","value":"13:00","gt_translate_keys":["label"]},{"id":3,"selected":false,"label":"15:30","value":"15:30","gt_translate_keys":["label"]},{"id":4,"selected":false,"label":"16:45","value":"16:45","gt_translate_keys":["label"]}],"price":"","cl_rule":"show","col":3,"type":"select","error":false,"enable_quantity":false,"quantity_label":"Quantity","enable_product_image":false,"min_quantity":"1","placeholder":"Heure du rendez-vous","dropdown_type":"basic","gt_translate_keys":["label","placeholder","quantity_label"],"price_dependency":false,"cl_dependency":["separator_3552506113","header_8618812390","radio_1833319125"],"value":""}],[{"label":"Date r\u00e9servation instantan\u00e9e ","active":true,"required":false,"elementId":"date-7953688073","picker_type":"custom","picker_mode":"single","placeholder":"Date de l'activit\u00e9","tooltip":"Ce champ de s\u00e9lection de date vous permet de r\u00e9server votre activit\u00e9 pour le jour m\u00eame. Si vous n'avez pas \u00e9t\u00e9 invit\u00e9s par notre \u00e9quipe \u00e0 faire une r\u00e9servation pour le jour m\u00eame, nous vous invitons \u00e0 ne pas le remplir et pr\u00e9f\u00e9rer le champ de s\u00e9lection de date ci-dessus. <br \/>\nEn remplissant ce champ, nous prendrons en compte, pour votre r\u00e9servation, cette date et non le 31\/12\/2023","name":"date-7953688073","label_position":"default","desc_position":"default","enablePrice":false,"className":"","enableCl":true,"relations":[{"operator":false,"rules":[{"operator":"AND","rules":{"cl_field":"date-4127252224","cl_relation":"is","cl_val":"2023-10-15"}}]}],"enableDesign":false,"mapToCheckout":false,"date_pic_inline":false,"date_pic_inline_hide":false,"min_date":{"type":"days","val":"0"},"max_date":{"type":"days","val":"1"},"date_pic_conf":{"dateFormat":"(d-m-Y)"},"price":"","cl_rule":"show","col":3,"type":"date","error":false,"gt_translate_keys":["label","placeholder","tooltip"],"price_dependency":false,"cl_dependency":false,"value":""}],[{"active":true,"col":6,"relations":[{"operator":false,"rules":[{"operator":"and","rules":{"cl_field":"date-4127252224","cl_relation":"is_not_empty","cl_val":""}},{"operator":"AND","rules":{"cl_field":"select-4392752233","cl_relation":"is_not_empty","cl_val":""}}]}],"cl_rule":"show","enableCl":true,"price":"","enablePrice":false,"className":"","label_position":"default","desc_position":"default","type":"separator","required":false,"elementId":"separator_3552506113","label":"Separator Field","height":"15","separatorType":"blank","error":false,"gt_translate_keys":["label"],"price_dependency":false,"cl_dependency":false,"value":""}],[{"active":true,"col":6,"relations":[{"operator":false,"rules":[{"operator":"and","rules":{"cl_field":"date-4127252224","cl_relation":"is_not_empty","cl_val":""}},{"operator":"AND","rules":{"cl_field":"select-4392752233","cl_relation":"is_not_empty","cl_val":""}}]}],"cl_rule":"show","enableCl":true,"price":"","enablePrice":false,"className":"","label_position":"default","desc_position":"default","type":"header","required":false,"elementId":"header_8618812390","label":"Merci de renseigner le nombre de participants","subtype":"h2","error":false,"gt_translate_keys":["label"],"price_dependency":false,"cl_dependency":["separator-9457412891"],"value":""}],[{"elementId":"separator-9457412891","separatorType":"blank","className":"","height":"10","enableCl":true,"relations":[{"operator":"and","rules":[{"operator":"AND","rules":{"cl_field":"header_8618812390","cl_relation":"is_visible","cl_val":true}}]}],"cl_rule":"show","col":6,"type":"separator","error":false,"gt_translate_keys":[],"price_dependency":false,"cl_dependency":false,"value":""}],[{"active":true,"col":6,"relations":[{"operator":false,"rules":[{"operator":"and","rules":{"cl_field":"date-4127252224","cl_relation":"is_not_empty","cl_val":""}},{"operator":"AND","rules":{"cl_field":"select-4392752233","cl_relation":"is_not_empty","cl_val":""}}]}],"cl_rule":"show","enableCl":true,"price":"","enablePrice":false,"className":"","label_position":"default","desc_position":"default","type":"radio-group","required":true,"elementId":"radio_1833319125","label":"Souhaitez vous r\u00e9server pour une\/des famille(s) d'au moins 2 adultes et 2 enfants de -12 ans?","name":"radio_1833319125","values":[{"label":"Oui","value":"Oui","selected":false,"tempId":"aco_1544","gt_translate_keys":["label"]},{"label":"Non","value":"Non","selected":false,"tempId":"aco_37","gt_translate_keys":["label"]}],"layOut":"inline","error":false,"checkUi":"","hideFieldIn_cart":true,"hideFieldIn_order":true,"gt_translate_keys":["label"],"price_dependency":false,"cl_dependency":["separator-5278050689","number_5889861824","separator-9231372338","number_9228748879","number-2585975215"],"value":""}],[{"elementId":"separator-5278050689","separatorType":"blank","className":"","height":"10","enableCl":true,"relations":[{"operator":false,"rules":[{"operator":"AND","rules":{"cl_field":"radio_1833319125","cl_relation":"is","cl_val":"Oui"}}]}],"cl_rule":"show","col":6,"type":"separator","error":false,"gt_translate_keys":[],"price_dependency":false,"cl_dependency":false,"value":""}],[{"active":true,"col":6,"relations":[{"operator":false,"rules":[{"operator":false,"rules":{"cl_field":"radio_1833319125","cl_relation":"is","cl_val":"Oui"}}]}],"cl_rule":"show","enableCl":true,"price":"({value}*185)","enablePrice":true,"className":"","label_position":"default","desc_position":"default","type":"number","required":false,"elementId":"number_5889861824","label":"Tarif r\u00e9duit Pack Famille: 185 \u20ac  (2 adultes et 2 enfants -12ans ) ","name":"number_5889861824","value":"","error":false,"pricingType":"custom","cartLabel":"Pack Famille (2 adultes et 2 enfants -12ans)","description":"","tooltip":"En inscrivant \"1\" dans le champ suivant, vous inscrivez automatiquement 4 participants (2 adultes, 2 enfants de -12ans).<br \/>\n<br \/>\nSi vous souhaitez inscrire sur la m\u00eame r\u00e9servation plusieurs familles, vous pourrez inscrire le nombre de familles correspondant dans le champ suivant. (Ex : inscrire \"2\" pour 4 adultes et 4 enfants -12ans)<br \/>\n<br \/>\n<strong>Une fois le champ du pack famille renseign\u00e9 : <\/strong><br \/>\n<br \/>\n\u21d2 Inscrire \"0\" dans les champs \"Plein tarif\" et \"Tarif -12ans\" si vous n'avez aucun autre participant \u00e0 ajouter \u00e0 cette activit\u00e9. <br \/>\n<br \/>\n\u21d2 Inscrire les participants non inscrits dans le cadre du pack famille en les ajoutant aux champs \"Plein tarif\" et \"Tarif -12ans\".","max":"4","isTemplate":false,"placeholder":"Nombre de packages pour 2 adultes et 2 enfants de -12ans.","maxValueError":"Pour un groupe sup\u00e9rieur \u00e0 15 participants, merci de nous contacter directement par t\u00e9l\u00e9phone ou mail","pattern":"^(100|[1-9]?[0-9])$","min":"0","gt_translate_keys":["label","placeholder","description","value","tooltip","maxValueError"],"price_dependency":false,"cl_dependency":["separator-1999316426","text_3629174321","separator-4405134716","separator-7260517456"]}],[{"elementId":"separator-9231372338","separatorType":"blank","className":"","height":"1","enableCl":true,"relations":[{"operator":false,"rules":[{"operator":"AND","rules":{"cl_field":"radio_1833319125","cl_relation":"is_not_empty","cl_val":true}}]}],"cl_rule":"show","col":6,"type":"separator","error":false,"gt_translate_keys":[],"price_dependency":false,"cl_dependency":false,"value":""}],[{"active":true,"col":3,"relations":[{"operator":false,"rules":[{"operator":"AND","rules":{"cl_field":"radio_1833319125","cl_relation":"is_not_empty","cl_val":true}}]}],"cl_rule":"show","enableCl":true,"price":"(55*{value})","enablePrice":true,"className":"","label_position":"default","desc_position":"default","type":"number","required":true,"elementId":"number_9228748879","label":"Plein tarif: 55 \u20ac ","name":"number_9228748879","value":"","error":false,"pricingType":"custom","description":"","tooltip":"","placeholder":"Nombre de participants ( \u226512ans )  ","cartLabel":"Plein tarif ","isTemplate":false,"disable_manual_input":false,"step":"","charleft":false,"min":"0","max":"15","pattern":"^(100|[1-9]?[0-9])$","minValueError":"","maxValueError":"Pour un groupe sup\u00e9rieur \u00e0 15 participants, merci de nous contacter directement par t\u00e9l\u00e9phone ou mail","gt_translate_keys":["label","placeholder","description","value","tooltip","minValueError","maxValueError"],"price_dependency":false,"cl_dependency":["separator-1999316426","text_3629174321","separator-4405134716","separator-7260517456"]},{"label":"Tarif -12 ans: 48 \u20ac","active":true,"required":false,"elementId":"number-2585975215","value":"","name":"number-2585975215","label_position":"default","desc_position":"default","enablePrice":true,"className":"","enableCl":true,"relations":[{"operator":false,"rules":[{"operator":"AND","rules":{"cl_field":"radio_1833319125","cl_relation":"is_not_empty","cl_val":true}}]}],"pricingType":"custom","price":"(48*{value})","cl_rule":"show","col":3,"type":"number","error":false,"description":"","placeholder":"Nombre de participants ( <12ans )","cartLabel":"Tarif -12ans ","isTemplate":false,"min":"0","pattern":"^(100|[1-9]?[0-9])$","max":"15","maxValueError":"Pour un groupe sup\u00e9rieur \u00e0 15 participants, merci de nous contacter directement par t\u00e9l\u00e9phone ou mail","gt_translate_keys":["label","placeholder","description","value","maxValueError"],"price_dependency":false,"cl_dependency":["separator-1999316426","text_3629174321","separator-4405134716","separator-7260517456"]}],[{"elementId":"separator-1999316426","separatorType":"blank","className":"","height":"10","enableCl":true,"relations":[{"operator":false,"rules":[{"operator":"or","rules":{"cl_field":"number_9228748879","cl_relation":"is_not_empty","cl_val":[]}},{"operator":"or","rules":{"cl_field":"number-2585975215","cl_relation":"is_not_empty","cl_val":[]}},{"operator":"AND","rules":{"cl_field":"number_5889861824","cl_relation":"is_not_empty","cl_val":""}}]}],"cl_rule":"show","col":6,"type":"separator","error":false,"gt_translate_keys":[],"price_dependency":false,"cl_dependency":false,"value":""}],[{"active":true,"col":6,"relations":[{"operator":false,"rules":[{"operator":"or","rules":{"cl_field":"number-2585975215","cl_relation":"is_not_empty","cl_val":""}},{"operator":"or","rules":{"cl_field":"number_9228748879","cl_relation":"is_not_empty","cl_val":""}},{"operator":"AND","rules":{"cl_field":"number_5889861824","cl_relation":"is_not_empty","cl_val":""}}]}],"cl_rule":"show","enableCl":true,"price":"","enablePrice":false,"className":"","label_position":"default","desc_position":"default","type":"text","subtype":"text","required":false,"elementId":"text_3629174321","label":"Certains des participants sont ils mineurs ? ","name":"text_3629174321","value":"","error":false,"placeholder":"\u00c2ge des mineurs","hideFieldIn_cart":false,"hideFieldIn_order":false,"maxlength":"100","charleftMessage":"","cartLabel":"Participants mineurs ","gt_translate_keys":["label","placeholder","value"],"price_dependency":false,"cl_dependency":["content-7263238360","checkbox_3525728805"]}],[{"elementId":"separator-4405134716","separatorType":"blank","className":"","height":"25","enableCl":true,"relations":[{"operator":false,"rules":[{"operator":"or","rules":{"cl_field":"number_5889861824","cl_relation":"is_not_empty","cl_val":true}},{"operator":"or","rules":{"cl_field":"number_9228748879","cl_relation":"is_not_empty","cl_val":""}},{"operator":"AND","rules":{"cl_field":"number-2585975215","cl_relation":"is_not_empty","cl_val":""}}]}],"cl_rule":"show","col":6,"type":"separator","error":false,"gt_translate_keys":[],"price_dependency":false,"cl_dependency":false,"value":""}],[{"contentType":"plain","active":true,"label":"PR\u00c9-R\u00c9SERVATION","elementId":"content-7263238360","value":"Dans le cas exceptionnel d'une impossibilit\u00e9 de notre part de vous accueillir sur le cr\u00e9neau s\u00e9lectionn\u00e9. Nous vous recontacterons le jour m\u00eame o\u00f9 vous avez finalis\u00e9 votre r\u00e9servation pour vous proposer un autre cr\u00e9neau au plus proche de celui d\u00e9sir\u00e9. Si cette contre proposition ne vous convient pas, nous vous garantissons un remboursement int\u00e9gral et imm\u00e9diat sur votre CB.","inline":false,"name":"content-7263238360","enablePrice":false,"className":"","subtype":"p","enableCl":true,"relations":[{"operator":false,"rules":[{"operator":false,"rules":{"cl_field":"text_3629174321","cl_relation":"is_visible","cl_val":""}}]}],"price":"","cl_rule":"show","col":6,"type":"content","error":false,"gt_translate_keys":["label","value"],"price_dependency":false,"cl_dependency":false}],[{"active":true,"col":6,"relations":[{"operator":false,"rules":[{"operator":false,"rules":{"cl_field":"text_3629174321","cl_relation":"is_visible","cl_val":""}}]}],"cl_rule":"show","enableCl":true,"price":"","enablePrice":false,"className":"","label_position":"default","desc_position":"default","type":"checkbox","required":true,"elementId":"checkbox_3525728805","label":"Accepter ces conditions de pr\u00e9-r\u00e9servation ","name":"checkbox_3525728805","value":false,"check_value":"Oui","checkUi":"toggle","error":false,"hideFieldIn_cart":true,"enableDesign":false,"hideFieldIn_order":true,"gt_translate_keys":["label","value","check_value"],"price_dependency":false,"cl_dependency":["radio_0801732115","separator-4555251016","content-8324471441"]}],[{"elementId":"separator-7260517456","separatorType":"blank","className":"","height":"25","enableCl":true,"relations":[{"operator":false,"rules":[{"operator":"or","rules":{"cl_field":"number_5889861824","cl_relation":"is_not_empty","cl_val":true}},{"operator":"or","rules":{"cl_field":"number_9228748879","cl_relation":"is_not_empty","cl_val":""}},{"operator":"AND","rules":{"cl_field":"number-2585975215","cl_relation":"is_not_empty","cl_val":""}}]}],"cl_rule":"show","col":6,"type":"separator","gt_translate_keys":[],"price_dependency":false,"cl_dependency":false,"value":""}],[{"active":true,"col":6,"relations":[{"operator":false,"rules":[{"operator":"AND","rules":{"cl_field":"checkbox_3525728805","cl_relation":"is","cl_val":true}}]}],"cl_rule":"show","enableCl":true,"price":"","enablePrice":false,"className":"","label_position":"default","desc_position":"default","type":"radio-group","required":false,"elementId":"radio_0801732115","label":"Souhaitez vous nous communiquer des informations compl\u00e9mentaires li\u00e9es \u00e0 votre pr\u00e9-r\u00e9servation ?","name":"radio_0801732115","values":[{"label":"Oui","value":"Oui","selected":false,"tempId":"aco_3078","gt_translate_keys":["label"]},{"label":"Non","value":"Non","selected":true,"tempId":"aco_3079","gt_translate_keys":["label"]}],"layOut":"inline","error":false,"checkUi":"","hideFieldIn_cart":true,"hideFieldIn_order":true,"enableDesign":true,"LabelColor":"#000000","scrollBar":false,"gt_translate_keys":["label"],"price_dependency":false,"cl_dependency":["separator-9455187346","textarea_4612490747"],"value":""}],[{"elementId":"separator-9455187346","separatorType":"blank","className":"","height":"10","enableCl":true,"relations":[{"operator":false,"rules":[{"operator":false,"rules":{"cl_field":"radio_0801732115","cl_relation":"is","cl_val":"Oui"}}]}],"cl_rule":"show","col":6,"type":"separator","error":false,"gt_translate_keys":[],"price_dependency":false,"cl_dependency":false,"value":""}],[{"active":true,"col":6,"relations":[{"operator":false,"rules":[{"operator":"AND","rules":{"cl_field":"radio_0801732115","cl_relation":"is","cl_val":"Oui"}}]}],"cl_rule":"show","enableCl":true,"price":"","enablePrice":false,"className":"","label_position":"default","desc_position":"default","type":"textarea","required":false,"elementId":"textarea_4612490747","label":"Informations compl\u00e9mentaires","name":"textarea_4612490747","value":"","rows":"3","error":false,"placeholder":"Texte libre","hideFieldIn_cart":false,"maxlength":"300","charleftMessage":"","maxlengthError":"","gt_translate_keys":["label","placeholder","value","maxlengthError"],"price_dependency":false,"cl_dependency":false}],[{"elementId":"separator-4555251016","separatorType":"blank","className":"","height":"10","enableCl":true,"relations":[{"operator":false,"rules":[{"operator":false,"rules":{"cl_field":"checkbox_3525728805","cl_relation":"is","cl_val":true}}]}],"cl_rule":"show","col":6,"type":"separator","error":false,"gt_translate_keys":[],"price_dependency":false,"cl_dependency":false,"value":""}],[{"contentType":"plain","active":true,"label":"Formulaire termin\u00e9, vous pouvez cliquer sur \"Ajouter au panier\"","elementId":"content-8324471441","value":"","inline":false,"name":"content-8324471441","enablePrice":false,"className":"","subtype":"p","enableCl":true,"relations":[{"operator":false,"rules":[{"operator":false,"rules":{"cl_field":"checkbox_3525728805","cl_relation":"is","cl_val":true}}]}],"price":"","cl_rule":"show","col":6,"type":"content","error":false,"hideFieldIn_cart":true,"gt_translate_keys":["label","value"],"price_dependency":false,"cl_dependency":false}]]}},"config":{"price_override":"always","enable_recaptcha":true,"bind_quantity":false,"quantity_bind_formula":false,"disp_summ_show_option_price":true,"disp_summ_show_product_price":true,"disp_summ_show_total_price":true,"disp_summ_show_fee":false,"disp_summ_show_discount":false,"summary_title":"","options_total_label":"Options Price","total_label":"Total","options_product_label":"Product Price","fee_label":"Frais","discount_label":"Discount","has_price":true,"has_quantity_formula":false},"mc_unit":1,"tax_rate":1,"tax_rate_real":1,"discount":{"percentage":0,"fixed":0},"design":{"conf":{"LabelPosition":"above","DescPosition":"above","UploadField":"custom_1","QuantityFieldStyle":"default"},"css":{"LeftLabelWidth":"120px"}},"formulas":[],"lookuptables":[],"clones":false,"cartKey":false}},"_links":{"self":[{"href":"https:\/\/rapideaupark.com\/nl\/wp-json\/wp\/v2\/product\/40392","targetHints":{"allow":["GET"]}}],"collection":[{"href":"https:\/\/rapideaupark.com\/nl\/wp-json\/wp\/v2\/product"}],"about":[{"href":"https:\/\/rapideaupark.com\/nl\/wp-json\/wp\/v2\/types\/product"}],"replies":[{"embeddable":true,"href":"https:\/\/rapideaupark.com\/nl\/wp-json\/wp\/v2\/comments?post=40392"}],"version-history":[{"count":0,"href":"https:\/\/rapideaupark.com\/nl\/wp-json\/wp\/v2\/product\/40392\/revisions"}],"wp:featuredmedia":[{"embeddable":true,"href":"https:\/\/rapideaupark.com\/nl\/wp-json\/wp\/v2\/media\/719229"}],"wp:attachment":[{"href":"https:\/\/rapideaupark.com\/nl\/wp-json\/wp\/v2\/media?parent=40392"}],"wp:term":[{"taxonomy":"product_brand","embeddable":true,"href":"https:\/\/rapideaupark.com\/nl\/wp-json\/wp\/v2\/product_brand?post=40392"},{"taxonomy":"product_cat","embeddable":true,"href":"https:\/\/rapideaupark.com\/nl\/wp-json\/wp\/v2\/product_cat?post=40392"},{"taxonomy":"product_tag","embeddable":true,"href":"https:\/\/rapideaupark.com\/nl\/wp-json\/wp\/v2\/product_tag?post=40392"}],"curies":[{"name":"wp","href":"https:\/\/api.w.org\/{rel}","templated":true}]}}