{"id":233577,"date":"2023-05-16T17:25:56","date_gmt":"2023-05-16T13:25:56","guid":{"rendered":"https:\/\/rapideaupark.com\/?post_type=product&#038;p=233577"},"modified":"2026-02-07T20:28:40","modified_gmt":"2026-02-07T19:28:40","slug":"formule-cocktail-sport","status":"publish","type":"product","link":"https:\/\/rapideaupark.com\/nl\/formule-cocktail-sport\/","title":{"rendered":"Formule voor sportcocktails"},"content":{"rendered":"","protected":false},"excerpt":{"rendered":"","protected":false},"featured_media":242651,"comment_status":"open","ping_status":"closed","template":"","meta":{"_acf_changed":false},"product_brand":[],"product_cat":[81,64,71,70],"product_tag":[85,86,67,88,89],"class_list":{"0":"post-233577","1":"product","2":"type-product","3":"status-publish","4":"has-post-thumbnail","6":"product_cat-packages-promotionnels","7":"product_cat-activites-nautiques","8":"product_cat-embarcations-de-groupes","9":"product_cat-embarcations-individuelles","10":"product_tag-a-partir-de-10-ans","11":"product_tag-a-partir-de-12-ans","12":"product_tag-hautement-sensationnelle","13":"product_tag-activite-reservable-en-ligne","14":"product_tag-tres-sportif","15":"wcpa_has_options","17":"first","18":"instock","19":"virtual","20":"purchasable","21":"product-type-simple"},"acf":[],"wcpa_form_fields":{"wcpaData":{"product":{"product_price":110,"price_html":"<span class=\"woocommerce-Price-amount amount\"><bdi>110,00<span class=\"woocommerce-Price-currencySymbol\">&euro;<\/span><\/bdi><\/span>","original_product_price":110,"price_including_tax":110,"price_excluding_tax":110,"product_id":{"parent":233577,"variation":false},"is_variable":false,"stock_status":"instock","stock_quantity":null,"parent_sku":"","product_attributes":[],"custom_fields":{"wcpa_pcf_plein_tarif":"110","wcpa_pcf_tarif_enfant":"50","wcpa_pcf_rdv_1":"09:00","wcpa_pcf_rdv_2":"11:15","wcpa_pcf_rdv_3":"14:00","wcpa_pcf_nom_activite":"","wcpa_pcf_prix_pack_famille":"","wcpa_pcf_nom_parcours_1":"","wcpa_pcf_type_prerequis_p1":"","wcpa_pcf_prerequis_p1":"10 ans","wcpa_pcf_nom_parcours_2":"","wcpa_pcf_type_prerequis_p2":"","wcpa_pcf_prerequis_p2":"","wcpa_pcf_rdv_4":"16:30"},"is_taxable":false,"product_name":"Formule Cocktail Sports","hasImage":false},"fields":{"sec_6646376b4662d8":{"extra":{"key":"sec_6646376b4662d8","section_id":"sec_6646376b4662d8","name":"Default","status":1,"cl_rule":"show","enableCl":false,"relations":[],"toggle":true,"title_tag":"h3","show_title":false,"showPrice":"default","form_id":233377,"form_rules":{"exclude_from_discount":false,"fee_label":"Frais","disp_hide_options_price":false,"disp_show_section_price":false,"disp_show_field_price":true,"layout_option":"standard","pric_use_as_fee":false,"process_fee_as":"custom"},"layout_option":"standard"},"fields":[[{"active":true,"col":6,"relations":false,"cl_rule":"show","enableCl":false,"price":"","enablePrice":false,"className":"","label_position":"default","desc_position":"default","type":"header","required":false,"elementId":"header_4646376b46633c","label":"Formule \"cocktail sports\" : Rafting + 1 activit\u00e9 nautique au choix","subtype":"h3","error":false,"enableDesign":false,"gt_translate_keys":["label"],"price_dependency":false,"cl_dependency":false,"value":""}],[{"active":true,"col":3,"relations":[{"operator":false,"rules":[{"operator":"AND","rules":{"cl_field":"checkbox_3646376b466440","cl_relation":"is","cl_val":true}}]}],"cl_rule":"show","enableCl":false,"price":"(110*{value})","enablePrice":true,"className":"","label_position":"default","desc_position":"default","type":"number","required":true,"elementId":"number_0646376b466599","label":"Nombre de participants ","name":"number_0646376b466599","value":"","error":false,"pricingType":"custom","description":"","tooltip":"Merci de v\u00e9rifier l'\u00e2ge minimum requis pour l'activit\u00e9 s\u00e9lectionn\u00e9e avant d'inscrire des participants.<br \/>\n<br \/>\n<ul><br \/>\n  <li><a href=\"https:\/\/rapideaupark.com\/rafting\/\">Rafting<\/a><\/li><br \/>\n  <li><a href=\"https:\/\/rapideaupark.com\/rafting-famille\/\">Rafting avec des enfants<\/a><\/li><br \/>\n   <li><a href=\"https:\/\/rapideaupark.com\/canoe-kayak-raft\/\">Kayak raft ou Cano\u00eb Raft<\/a><\/li><br \/>\n <li><a href=\"https:\/\/rapideaupark.com\/mini-raft\/\">Mini Raft<\/a><\/li><br \/>\n  <li><a href=\"https:\/\/rapideaupark.com\/hydrospeed\/\">Hydrospeed<\/a><\/li><br \/>\n<\/ul>","placeholder":"","cartLabel":"Plein tarif ","isTemplate":false,"disable_manual_input":false,"step":"","charleft":false,"min":"1","max":"15","pattern":"^(100|[1-9]?[0-9])$","minValueError":"","maxValueError":"Pour un groupe sup\u00e9rieur \u00e0 15 participants, merci de nous contacter directement par t\u00e9l\u00e9phone ou mail","gt_translate_keys":["label","placeholder","description","value","tooltip","minValueError","maxValueError"],"price_dependency":false,"cl_dependency":["separator_0646376b4663c7","header-4135639293","date_6646376b46636e","select-9621514238"]},{"active":true,"col":3,"relations":[{"operator":false,"rules":[{"operator":false,"rules":{"cl_field":"number_0646376b466599","cl_relation":"is_not_empty","cl_val":""}}]}],"cl_rule":"show","enableCl":false,"price":"","enablePrice":false,"className":"","label_position":"default","desc_position":"default","type":"text","subtype":"text","required":false,"elementId":"text_5646376b46660d","label":"Certains des participants sont ils mineurs ? ","name":"text_5646376b46660d","value":"","error":false,"placeholder":"\u00c2ge des mineurs","hideFieldIn_cart":false,"hideFieldIn_order":false,"maxlength":"100","charleftMessage":"","cartLabel":"Participants mineurs","gt_translate_keys":["label","placeholder","value"],"price_dependency":false,"cl_dependency":false}],[{"active":true,"col":6,"relations":[{"operator":false,"rules":[{"operator":false,"rules":{"cl_field":"number_0646376b466599","cl_relation":"is_not_empty","cl_val":""}}]}],"cl_rule":"show","enableCl":true,"price":"","enablePrice":false,"className":"","label_position":"default","desc_position":"default","type":"separator","required":false,"elementId":"separator_0646376b4663c7","label":"Separator Field","height":"15","separatorType":"blank","error":false,"gt_translate_keys":["label"],"price_dependency":false,"cl_dependency":false,"value":""}],[{"label":"Premi\u00e8re \u00e9tape : Pr\u00e9-r\u00e9servation de votre activit\u00e9 <strong>rafting<\/strong>","active":true,"elementId":"header-4135639293","className":"","subtype":"h3","enableCl":true,"relations":[{"operator":false,"rules":[{"operator":"AND","rules":{"cl_field":"number_0646376b466599","cl_relation":"is_not_empty","cl_val":true}}]}],"cl_rule":"show","col":6,"type":"header","error":false,"gt_translate_keys":["label"],"price_dependency":false,"cl_dependency":false,"value":""}],[{"label":"Date de l'activit\u00e9 rafting ","active":true,"required":true,"elementId":"date_6646376b46636e","picker_type":"custom","picker_mode":"single","name":"date_6646376b46636e","label_position":"default","desc_position":"default","enablePrice":false,"className":"","enableCl":true,"relations":[{"operator":false,"rules":[{"operator":"AND","rules":{"cl_field":"number_0646376b466599","cl_relation":"is_not_empty","cl_val":""}}]}],"mapToCheckout":false,"min_date":{"type":"date","val":"2026-05-01"},"max_date":"","date_pic_conf":{"dateFormat":"(d-m-Y)"},"price":"","cl_rule":"show","col":3,"type":"date","error":false,"enableDesign":false,"date_pic_inline":false,"date_pic_inline_hide":false,"tooltip":"Si la date souhait\u00e9e n'est pas disponible \u00e0 la r\u00e9servation en ligne, \u00e7a ne signifie pas n\u00e9cessairement que nous sommes complets \u00e0 cette p\u00e9riode. Merci alors de nous contacter par t\u00e9l\u00e9phone pour mettre en place ensemble cette r\u00e9servation. Notre contact : 04 92 81 92 03 ou 06 86 99 97 28.","placeholder":"Date de l'activit\u00e9","isWeightTemplate":false,"isTemplate":false,"min_quantity":"1","quantity_decimal":false,"quantity_step":"1","quantity_label":"Quantity","repeater_field_label":"{field_label}","repeater_bind":"","gt_translate_keys":["label","placeholder","tooltip","repeater_field_label","quantity_label"],"price_dependency":false,"cl_dependency":["date-4377577422","separator-0508219524","select_6211871487"],"value":""},{"label":"Heure de l'activit\u00e9 rafting","active":true,"required":true,"elementId":"select-9621514238","dropdown_type":"basic","placeholder":"Heure du rendez-vous","name":"select-9621514238","label_position":"default","desc_position":"default","enablePrice":false,"className":"","enableCl":true,"relations":[{"operator":false,"rules":[{"operator":"AND","rules":{"cl_field":"number_0646376b466599","cl_relation":"is_not_empty","cl_val":""}}]}],"enable_quantity":false,"quantity_label":"Quantity","min_quantity":"1","enable_product_image":false,"values":[{"id":1,"selected":false,"label":"09:00","value":"09:00","gt_translate_keys":["label"]},{"id":2,"selected":false,"label":"11:15","value":"11:15","gt_translate_keys":["label"]},{"id":3,"selected":false,"label":"14:00","value":"14:00","gt_translate_keys":["label"]},{"id":4,"selected":false,"label":"16:30","value":"16:30","gt_translate_keys":["label"]}],"price":"","cl_rule":"show","col":3,"type":"select","error":false,"gt_translate_keys":["label","placeholder","quantity_label"],"price_dependency":false,"cl_dependency":["separator-0508219524","header-5439721285","header-5439721285","select_6211871487"],"value":""}],[{"label":"Date de l'activit\u00e9 rafting (r\u00e9servation instantan\u00e9e) ","active":true,"required":false,"elementId":"date-4377577422","picker_type":"custom","picker_mode":"single","placeholder":"Date de l'activit\u00e9","tooltip":"Ce champ de s\u00e9lection de date vous permet de r\u00e9server votre activit\u00e9 pour le jour m\u00eame. Si vous n'avez pas \u00e9t\u00e9 invit\u00e9s par notre \u00e9quipe \u00e0 faire une r\u00e9servation pour le jour m\u00eame, nous vous invitons \u00e0 ne pas le remplir et pr\u00e9f\u00e9rez le champ de s\u00e9lection de date ci-dessus.","name":"date-4377577422","label_position":"default","desc_position":"default","enablePrice":false,"className":"","enableCl":true,"relations":[{"operator":false,"rules":[{"operator":"AND","rules":{"cl_field":"date_6646376b46636e","cl_relation":"is","cl_val":"2023-10-15"}}]}],"enableDesign":false,"mapToCheckout":false,"date_pic_inline":false,"date_pic_inline_hide":false,"min_date":{"type":"days","val":"0"},"max_date":{"type":"days","val":"1"},"date_pic_conf":{"dateFormat":"(d-m-Y)"},"price":"","cl_rule":"show","col":3,"type":"date","error":false,"gt_translate_keys":["label","placeholder","tooltip"],"price_dependency":false,"cl_dependency":false,"value":""}],[{"elementId":"separator-0508219524","separatorType":"blank","className":"","height":"15","enableCl":true,"relations":[{"operator":false,"rules":[{"operator":"and","rules":{"cl_field":"date_6646376b46636e","cl_relation":"is_not_empty","cl_val":""}},{"operator":"AND","rules":{"cl_field":"select-9621514238","cl_relation":"is_not_empty","cl_val":""}}]}],"cl_rule":"show","col":6,"type":"separator","gt_translate_keys":[],"price_dependency":false,"cl_dependency":false,"value":""}],[{"label":"Deuxi\u00e8me \u00e9tape : Pr\u00e9-r\u00e9servation de votre <strong>seconde activit\u00e9 nautique au choix<\/strong>","active":true,"elementId":"header-5439721285","className":"","subtype":"h3","enableCl":true,"relations":[{"operator":false,"rules":[{"operator":"and","rules":{"cl_field":"select-9621514238","cl_relation":"is_not_empty","cl_val":true}},{"operator":"AND","rules":{"cl_field":"select-9621514238","cl_relation":"is_not_empty","cl_val":""}}]}],"cl_rule":"show","col":6,"type":"header","error":false,"gt_translate_keys":["label"],"price_dependency":false,"cl_dependency":false,"value":""}],[{"active":true,"col":6,"relations":[{"operator":false,"rules":[{"operator":"and","rules":{"cl_field":"select-9621514238","cl_relation":"is_not_empty","cl_val":""}},{"operator":"AND","rules":{"cl_field":"date_6646376b46636e","cl_relation":"is_not_empty","cl_val":""}}]}],"cl_rule":"show","enableCl":true,"price":"","enablePrice":false,"className":"","label_position":"default","desc_position":"default","type":"select","required":true,"elementId":"select_6211871487","label":"Choix de la seconde activit\u00e9 nautique","name":"select_6211871487","values":[{"label":"Kayak raft ou Cano\u00eb Raft","value":"Kayak raft ou Cano\u00eb Raft","selected":false,"tempId":"aco_2936","gt_translate_keys":["label"]},{"label":"Hydrospeed","value":"Hydrospeed","selected":false,"tempId":"aco_2938","gt_translate_keys":["label"]}],"dropdown_type":"basic","error":false,"placeholder":"Activit\u00e9s au choix","tooltip":"Merci de v\u00e9rifier l'\u00e2ge minimum requis avant de s\u00e9lectionner l'activit\u00e9 d\u00e9sir\u00e9e : <br \/>\n<br \/>\n<ul><br \/>\n   <li><a href=\"https:\/\/rapideaupark.com\/canoe-kayak-raft\/\">Kayak raft ou Cano\u00eb Raft<\/a><\/li><br \/>\n <li><a href=\"https:\/\/rapideaupark.com\/mini-raft\/\">Mini Raft<\/a><\/li><br \/>\n  <li><a href=\"https:\/\/rapideaupark.com\/hydrospeed\/\">Hydrospeed<\/a><\/li><br \/>\n<\/ul>","gt_translate_keys":["label","placeholder","tooltip"],"price_dependency":false,"cl_dependency":["separator-0507328717","date-7602993531","select_9646376b466399"],"value":""}],[{"elementId":"separator-0507328717","separatorType":"blank","className":"","height":"15","enableCl":true,"relations":[{"operator":false,"rules":[{"operator":false,"rules":{"cl_field":"select_6211871487","cl_relation":"is_not_empty","cl_val":""}}]}],"cl_rule":"show","col":6,"type":"separator","error":false,"gt_translate_keys":[],"price_dependency":false,"cl_dependency":false,"value":""}],[{"label":"Date de la seconde activit\u00e9","active":true,"required":true,"elementId":"date-7602993531","picker_type":"custom","picker_mode":"single","placeholder":"Date de l'activit\u00e9","tooltip":"Si la date souhait\u00e9e n'est pas disponible \u00e0 la r\u00e9servation en ligne, \u00e7a ne signifie pas n\u00e9cessairement que nous sommes complets \u00e0 cette p\u00e9riode. Merci alors de nous contacter par t\u00e9l\u00e9phone pour mettre en place ensemble cette r\u00e9servation. Notre contact : 04 92 81 92 03 ou 06 86 99 97 28.","name":"date-7602993531","label_position":"default","desc_position":"default","enablePrice":false,"className":"","enableCl":true,"relations":[{"operator":false,"rules":[{"operator":"AND","rules":{"cl_field":"select_6211871487","cl_relation":"is_not_empty","cl_val":""}}]}],"enableDesign":false,"mapToCheckout":false,"date_pic_inline":false,"date_pic_inline_hide":false,"min_date":{"type":"date","val":"2026-05-01"},"max_date":"","date_pic_conf":{"dateFormat":"(d-m-Y)"},"price":"","cl_rule":"show","col":3,"type":"date","error":false,"isWeightTemplate":false,"isTemplate":false,"min_quantity":"1","quantity_decimal":false,"quantity_step":"1","quantity_label":"Quantity","repeater_field_label":"{field_label}","repeater_bind":"","gt_translate_keys":["label","placeholder","tooltip","repeater_field_label","quantity_label"],"price_dependency":false,"cl_dependency":["date-4013634850","separator-5401448189","content_0646376b4663f0","checkbox_3646376b466440"],"value":""},{"label":"Heure de la seconde activit\u00e9","active":true,"required":true,"elementId":"select_9646376b466399","name":"select_9646376b466399","label_position":"default","desc_position":"default","enablePrice":false,"className":"","enableCl":true,"relations":[{"operator":false,"rules":[{"operator":"AND","rules":{"cl_field":"select_6211871487","cl_relation":"is_not_empty","cl_val":""}}]}],"values":[{"label":"09:00","value":"09:00","selected":false,"tempId":"aco_37","gt_translate_keys":["label"]},{"label":"16:30","value":"16:30","selected":false,"tempId":"aco_137","gt_translate_keys":["label"]}],"price":"","cl_rule":"show","col":3,"type":"select","error":false,"enable_quantity":false,"quantity_label":"Quantity","enable_product_image":false,"min_quantity":"1","placeholder":"Heure du rendez-vous","dropdown_type":"basic","gt_translate_keys":["label","placeholder","quantity_label"],"price_dependency":false,"cl_dependency":["separator-5401448189","content_0646376b4663f0","checkbox_3646376b466440"],"value":""}],[{"label":"Date de la seconde activit\u00e9 (r\u00e9servation instantan\u00e9e) ","active":true,"required":false,"elementId":"date-4013634850","picker_type":"custom","picker_mode":"single","placeholder":"Date de l'activit\u00e9","tooltip":"Ce champ de s\u00e9lection de date vous permet de r\u00e9server votre activit\u00e9 pour le jour m\u00eame. Si vous n'avez pas \u00e9t\u00e9 invit\u00e9s par notre \u00e9quipe \u00e0 faire une r\u00e9servation pour le jour m\u00eame, nous vous invitons \u00e0 ne pas le remplir et pr\u00e9f\u00e9rer le champ de s\u00e9lection de date ci-dessus.","name":"date-4013634850","label_position":"default","desc_position":"default","enablePrice":false,"className":"","enableCl":true,"relations":[{"operator":false,"rules":[{"operator":"AND","rules":{"cl_field":"date-7602993531","cl_relation":"is","cl_val":"2023-10-15"}}]}],"enableDesign":false,"mapToCheckout":false,"date_pic_inline":false,"date_pic_inline_hide":false,"min_date":{"type":"days","val":"0"},"max_date":{"type":"days","val":"1"},"date_pic_conf":{"dateFormat":"(d-m-Y)"},"price":"","cl_rule":"show","col":3,"type":"date","error":false,"gt_translate_keys":["label","placeholder","tooltip"],"price_dependency":false,"cl_dependency":false,"value":""}],[{"elementId":"separator-5401448189","separatorType":"blank","className":"","height":"15","enableCl":true,"relations":[{"operator":false,"rules":[{"operator":"and","rules":{"cl_field":"date-7602993531","cl_relation":"is_not_empty","cl_val":""}},{"operator":"AND","rules":{"cl_field":"select_9646376b466399","cl_relation":"is_not_empty","cl_val":""}}]}],"cl_rule":"show","col":6,"type":"separator","error":false,"gt_translate_keys":[],"price_dependency":false,"cl_dependency":false,"value":""}],[{"contentType":"plain","active":true,"label":"PR\u00c9-R\u00c9SERVATION","elementId":"content_0646376b4663f0","value":"Dans le cas exceptionnel d'une impossibilit\u00e9 de notre part de vous accueillir sur le cr\u00e9neau s\u00e9lectionn\u00e9. Nous vous recontacterons le jour m\u00eame o\u00f9 vous avez finalis\u00e9 votre r\u00e9servation pour vous proposer un autre cr\u00e9neau au plus proche de celui d\u00e9sir\u00e9. Si cette contre proposition ne vous convient pas, nous vous garantissons un remboursement int\u00e9gral et imm\u00e9diat sur votre CB.","inline":false,"name":"content_0646376b4663f0","enablePrice":false,"className":"","subtype":"p","enableCl":true,"relations":[{"operator":false,"rules":[{"operator":"and","rules":{"cl_field":"select_9646376b466399","cl_relation":"is_not_empty","cl_val":""}},{"operator":"AND","rules":{"cl_field":"date-7602993531","cl_relation":"is_not_empty","cl_val":""}}]}],"price":"","cl_rule":"show","col":6,"type":"content","error":false,"hideFieldIn_cart":true,"gt_translate_keys":["label","value"],"price_dependency":false,"cl_dependency":false}],[{"active":true,"col":6,"relations":[{"operator":false,"rules":[{"operator":"and","rules":{"cl_field":"select_9646376b466399","cl_relation":"is_not_empty","cl_val":""}},{"operator":"AND","rules":{"cl_field":"date-7602993531","cl_relation":"is_not_empty","cl_val":""}}]}],"cl_rule":"show","enableCl":true,"price":"","enablePrice":false,"className":"","label_position":"default","desc_position":"default","type":"checkbox","required":true,"elementId":"checkbox_3646376b466440","label":"Accepter ces conditions de pr\u00e9-r\u00e9servation ","name":"checkbox_3646376b466440","value":false,"check_value":"Oui","checkUi":"toggle","error":false,"hideFieldIn_cart":true,"enableDesign":false,"hideFieldIn_order":true,"gt_translate_keys":["label","value","check_value"],"price_dependency":false,"cl_dependency":["separator_9646376b466691","radio-group_1646376b466667","separator_6646376b4666e3","content-7012686333"]}],[{"elementId":"separator_9646376b466691","separatorType":"blank","className":"","height":"10","enableCl":true,"relations":[{"operator":false,"rules":[{"operator":false,"rules":{"cl_field":"checkbox_3646376b466440","cl_relation":"is","cl_val":true}}]}],"cl_rule":"show","col":6,"type":"separator","error":false,"gt_translate_keys":[],"price_dependency":false,"cl_dependency":false,"value":""}],[{"active":true,"col":6,"relations":[{"operator":false,"rules":[{"operator":false,"rules":{"cl_field":"checkbox_3646376b466440","cl_relation":"is","cl_val":true}}]}],"cl_rule":"show","enableCl":true,"price":"","enablePrice":false,"className":"","label_position":"default","desc_position":"default","type":"radio-group","required":false,"elementId":"radio-group_1646376b466667","label":"Souhaitez vous nous communiquer des informations compl\u00e9mentaires li\u00e9es \u00e0 votre pr\u00e9-r\u00e9servation ?","name":"radio-group_1646376b466667","values":[{"label":"Oui","value":"Oui","selected":false,"tempId":"aco_3078","gt_translate_keys":["label"]},{"label":"Non","value":"Non","selected":true,"tempId":"aco_3079","gt_translate_keys":["label"]}],"layOut":"inline","error":false,"checkUi":"","hideFieldIn_cart":true,"hideFieldIn_order":true,"enableDesign":true,"LabelColor":"#000000","scrollBar":false,"gt_translate_keys":["label"],"price_dependency":false,"cl_dependency":["separator-5441878204","textarea_1646376b4666b9"],"value":""}],[{"elementId":"separator-5441878204","separatorType":"blank","className":"","height":"10","enableCl":true,"relations":[{"operator":false,"rules":[{"operator":false,"rules":{"cl_field":"radio-group_1646376b466667","cl_relation":"is","cl_val":"Oui"}}]}],"cl_rule":"show","col":6,"type":"separator","gt_translate_keys":[],"price_dependency":false,"cl_dependency":false,"value":""}],[{"active":true,"col":6,"relations":[{"operator":false,"rules":[{"operator":"AND","rules":{"cl_field":"radio-group_1646376b466667","cl_relation":"is","cl_val":"Oui"}}]}],"cl_rule":"show","enableCl":true,"price":"","enablePrice":false,"className":"","label_position":"default","desc_position":"default","type":"textarea","required":false,"elementId":"textarea_1646376b4666b9","label":"Informations compl\u00e9mentaires","name":"textarea_1646376b4666b9","value":"","rows":"3","error":false,"placeholder":"Texte libre","hideFieldIn_cart":false,"maxlength":"300","charleftMessage":"","maxlengthError":"","gt_translate_keys":["label","placeholder","value","maxlengthError"],"price_dependency":false,"cl_dependency":false}],[{"elementId":"separator_6646376b4666e3","separatorType":"blank","className":"","height":"10","enableCl":true,"relations":[{"operator":false,"rules":[{"operator":false,"rules":{"cl_field":"checkbox_3646376b466440","cl_relation":"is","cl_val":true}}]}],"cl_rule":"show","col":6,"type":"separator","error":false,"gt_translate_keys":[],"price_dependency":false,"cl_dependency":false,"value":""}],[{"contentType":"plain","active":true,"label":"Formulaire termin\u00e9, vous pouvez cliquer sur \"Ajouter au panier\"","elementId":"content-7012686333","value":"","inline":false,"name":"content-7012686333","enablePrice":false,"className":"","subtype":"p","enableCl":true,"relations":[{"operator":false,"rules":[{"operator":false,"rules":{"cl_field":"checkbox_3646376b466440","cl_relation":"is","cl_val":true}}]}],"price":"","cl_rule":"show","col":6,"type":"content","error":false,"gt_translate_keys":["label","value"],"price_dependency":false,"cl_dependency":false}]]}},"config":{"price_override":"always","enable_recaptcha":true,"bind_quantity":false,"quantity_bind_formula":false,"disp_summ_show_option_price":true,"disp_summ_show_product_price":true,"disp_summ_show_total_price":true,"disp_summ_show_fee":false,"disp_summ_show_discount":false,"summary_title":"","options_total_label":"Options Price","total_label":"Total","options_product_label":"Product Price","fee_label":"Frais","discount_label":"Discount","has_price":true,"has_quantity_formula":false},"mc_unit":1,"tax_rate":1,"tax_rate_real":1,"discount":{"percentage":0,"fixed":0},"design":{"conf":{"LabelPosition":"above","DescPosition":"above","UploadField":"custom_1","QuantityFieldStyle":"default"},"css":{"LeftLabelWidth":"120px"}},"formulas":[],"lookuptables":[],"clones":false,"cartKey":false}},"_links":{"self":[{"href":"https:\/\/rapideaupark.com\/nl\/wp-json\/wp\/v2\/product\/233577","targetHints":{"allow":["GET"]}}],"collection":[{"href":"https:\/\/rapideaupark.com\/nl\/wp-json\/wp\/v2\/product"}],"about":[{"href":"https:\/\/rapideaupark.com\/nl\/wp-json\/wp\/v2\/types\/product"}],"replies":[{"embeddable":true,"href":"https:\/\/rapideaupark.com\/nl\/wp-json\/wp\/v2\/comments?post=233577"}],"version-history":[{"count":0,"href":"https:\/\/rapideaupark.com\/nl\/wp-json\/wp\/v2\/product\/233577\/revisions"}],"wp:featuredmedia":[{"embeddable":true,"href":"https:\/\/rapideaupark.com\/nl\/wp-json\/wp\/v2\/media\/242651"}],"wp:attachment":[{"href":"https:\/\/rapideaupark.com\/nl\/wp-json\/wp\/v2\/media?parent=233577"}],"wp:term":[{"taxonomy":"product_brand","embeddable":true,"href":"https:\/\/rapideaupark.com\/nl\/wp-json\/wp\/v2\/product_brand?post=233577"},{"taxonomy":"product_cat","embeddable":true,"href":"https:\/\/rapideaupark.com\/nl\/wp-json\/wp\/v2\/product_cat?post=233577"},{"taxonomy":"product_tag","embeddable":true,"href":"https:\/\/rapideaupark.com\/nl\/wp-json\/wp\/v2\/product_tag?post=233577"}],"curies":[{"name":"wp","href":"https:\/\/api.w.org\/{rel}","templated":true}]}}