{"id":29037,"date":"2023-02-20T16:44:08","date_gmt":"2023-02-20T12:44:08","guid":{"rendered":"https:\/\/rapideaupark.com\/?page_id=29037"},"modified":"2024-06-18T18:38:10","modified_gmt":"2024-06-18T16:38:10","slug":"termini-e-condizioni","status":"publish","type":"page","link":"https:\/\/rapideaupark.com\/it\/termini-e-condizioni\/","title":{"rendered":"Condizioni di vendita"},"content":{"rendered":"<div data-elementor-type=\"wp-page\" data-elementor-id=\"29037\" class=\"elementor elementor-29037\" data-elementor-post-type=\"page\">\n\t\t\t\t\t\t<section class=\"elementor-section elementor-top-section elementor-element elementor-element-5af0723 elementor-section-boxed elementor-section-height-default elementor-section-height-default\" data-id=\"5af0723\" data-element_type=\"section\" data-e-type=\"section\" data-settings=\"{&quot;ekit_has_onepagescroll_dot&quot;:&quot;yes&quot;}\">\n\t\t\t\t\t\t<div class=\"elementor-container elementor-column-gap-default\">\n\t\t\t\t\t<div class=\"elementor-column elementor-col-100 elementor-top-column elementor-element elementor-element-f59291b\" data-id=\"f59291b\" data-element_type=\"column\" data-e-type=\"column\">\n\t\t\t<div class=\"elementor-widget-wrap elementor-element-populated\">\n\t\t\t\t\t\t<div class=\"elementor-element elementor-element-9adcbab elementor-widget elementor-widget-heading\" data-id=\"9adcbab\" data-element_type=\"widget\" data-e-type=\"widget\" data-widget_type=\"heading.default\">\n\t\t\t\t<div class=\"elementor-widget-container\">\n\t\t\t\t\t<h1 class=\"elementor-heading-title elementor-size-default\">CONDIZIONI DI VENDITA<\/h1>\t\t\t\t<\/div>\n\t\t\t\t<\/div>\n\t\t\t\t<div class=\"elementor-element elementor-element-46b21ab elementor-widget elementor-widget-text-editor\" data-id=\"46b21ab\" data-element_type=\"widget\" data-e-type=\"widget\" data-widget_type=\"text-editor.default\">\n\t\t\t\t<div class=\"elementor-widget-container\">\n\t\t\t\t\t\t\t\t\t<p>Rapideau Raft la cui sede si trova a La Fresqui\u00e8re \u2013 04340 MEOLANS REVEL<\/p><p>Siretto: 41195404300013 APE: 8551Z<\/p><p>In persona del suo legale rappresentante: Sig. Yann LEPRETRE, il gestore<\/p><p>Omologazione giovanile e sportiva N\u00b0 00497ED0584<\/p><p>\u00a0<\/p><p>Con i presenti articoli di seguito, le persone che desiderano svolgere attivit\u00e0 all&#039;aperto e in acque vive, sport e tempo libero acconsentono e accettano le seguenti condizioni generali:<\/p><p>ARTICOLO 1 \u2013 ESERCIZIO DELLE ATTIVIT\u00c0<\/p><p>\u00a0<\/p><p>Il partecipante deve assicurarsi di essere in condizioni fisiche sufficienti, di essere in buona salute e di non avere controindicazioni mediche alla pratica di sport acquatici e sport all&#039;aria aperta.<\/p><p>I regolamenti, relativi agli sport d&#039;acqua viva, impongono e prescrivono di saper nuotare almeno 50 metri e sapersi immergere sott&#039;acqua. Per i bambini di et\u00e0 superiore ai 4 anni che desiderano svolgere l&#039;attivit\u00e0 \u00e8 prevista specifica deroga e sotto la responsabilit\u00e0 di un adulto responsabile e\/o abilitato.<\/p><p>\u00a0<\/p><p>ARTICOLO 2 \u2013 DATA, DURATA e COPERTURA<\/p><p>2 \u2013 1 Date di apertura<\/p><p>La base per il tempo libero &quot;Rapid&#039;Eau Park&quot; con i nomi di &quot;Rapid&#039;Eau Raft&quot; e &quot;Aventura Park&quot; \u00e8 aperta dalle vacanze scolastiche primaverili dalle 11:00 alle 17:00, in estate dalle 9:00 alle 19:00 Scuole di Ognissanti .<\/p><p>\u00a0<\/p><p>2 \u2013 2 Durata delle attivit\u00e0<\/p><p>Le durate delle attivit\u00e0 variano a seconda delle categorie:<\/p><p>\u00a0<\/p><p>2 \u2013 2.1 Attivit\u00e0 in acque bianche<\/p><p>Verr\u00e0 fissato un appuntamento in base all&#039;orario del momento.<\/p><p>Al tuo arrivo, dopo la conferma amministrativa degli articoli 1 e 3 dei T&amp;C di Rapid&#039;Eau Park presso la reception, sarai invitato ad attrezzarti per l&#039;attivit\u00e0 in acque bianche quindi ti inviter\u00e0 a prendere la navetta (Cf Art 2 -3.1 ) per portarti al punto di imbarco della tua barca (collettiva o individuale).<\/p><p>In acqua, la guida professionale che ti accompagna durante l&#039;attivit\u00e0 si prender\u00e0 il tempo per informarti e informarti.<\/p><p>Il tutto per una discesa tra 1h30\/1h45 con punti giocosi ed essenziali del fiume.<\/p><p>\u00a0<\/p><p>Il tutto tra l&#039;attrezzatura, l&#039;accompagnamento all&#039;imbarco, la discesa, il ritorno alla nostra base e il dis-equipaggiamento richiede una piccola mezza giornata (dalle 2h30 alle 3h).<\/p><p>\u00a0<\/p><p>2 \u2013 2.2 Attivit\u00e0 di tree climbing<\/p><p>Senza appuntamento, o con a seconda della frequentazione del parco<\/p><p>Dopo la conferma amministrativa del pagamento dell&#039;attivit\u00e0 alla reception, sarai invitato ad attrezzarti per l&#039;attivit\u00e0.<\/p><p>Un operatore si prender\u00e0 il tempo di informarti sulle istruzioni di sicurezza per gli spostamenti in quota e rimarr\u00e0 a tua disposizione per tutta la durata dell&#039;attivit\u00e0.<\/p><p>Tutta questa attivit\u00e0 dipende dalla tua facilit\u00e0 nell&#039;evolversi sulle piste e dai percorsi e zipline effettuati.<\/p><p>Tuttavia, in media ci vogliono da 1h30 a 2h di attivit\u00e0<\/p><p>\u00a0<\/p><p>2 \u2013 2.3 Attivit\u00e0 in mountain bike<\/p><p>Su appuntamento, per uscite accompagnate<\/p><p>Un operatore qualificato si prender\u00e0 il tempo di informarti sull&#039;attrezzatura e le istruzioni di sicurezza per muoversi sui sentieri e rimarr\u00e0 al tuo fianco durante tutta l&#039;attivit\u00e0.<\/p><p>Tutta questa attivit\u00e0 dipende dalla tua scelta e dal programma di attivit\u00e0 tra \u00bd giornata o 1 giorno<\/p><p>\u00a0<\/p><p>Non dimenticare che la MERENDA della nostra base per il tempo libero offre anche i tuoi pranzi al sacco (su prenotazione).<\/p><p>\u00a0<\/p><p>2 \u2013 2.4 Attivit\u00e0 di Orienteering (OC)<\/p><p>\u00a0<\/p><p>Senza appuntamento, o con a seconda del numero di persone al centro ricreativo<\/p><p>Un operatore si occuper\u00e0 di informarti sulle istruzioni e sugli obiettivi per svolgere la tua gara.<\/p><p>Tutta questa attivit\u00e0 dipende dalla tua facilit\u00e0 nel muoverti sui sentieri e nel risolvere gli enigmi<\/p><p>Tuttavia, in media, occorrono approssimativamente tra 1h30 e 2h almeno di attivit\u00e0 fino a mezza giornata.<\/p><p>\u00c8 tua responsabilit\u00e0 orientarti e devi essere in grado di tornare alla base da solo leggendo e comprendendo una carta topografica.<\/p><p>\u00a0<\/p><p>La societ\u00e0 Rapid&#039;Eau Park si riserva il diritto in qualsiasi momento; modificare, spostare o annullare le date e gli orari delle attivit\u00e0 su appuntamento o in corso, a seconda delle condizioni meteorologiche sfavorevoli alla pratica delle stesse.<\/p><p>Ti verr\u00e0 proposto il rinvio delle attivit\u00e0 ad altro appuntamento o, se necessario, il rimborso di questo.<\/p><p>\u00a0<\/p><p>2 \u2013 3 Supporto<\/p><p>Ogni attivit\u00e0 \u00e8 monitorata, guidata o supervisionata da laureati statali e formati per garantire la tua sicurezza<\/p><p>2 \u2013 3.1 Attivit\u00e0 in acque bianche<\/p><p>\u2013 Guide qualificate con certificato di stato in acque bianche<\/p><p>\u2013 Autisti con patente D per navette dalla base leisure all&#039;imbarco quindi dallo sbarco alla base per il rientro.<\/p><p>\u00a0<\/p><p>2 \u2013 3.2 Attivit\u00e0 di tree climbing<\/p><p>\u2013 Operatori qualificati Operatore CQP di Corso Acrobatico in Quota<\/p><p>\u00a0<\/p><p>2 \u2013 3.3 Attivit\u00e0 in mountain bike<\/p><p>\u2013 Guida di media montagna abilitata o diploma equipollente.<\/p><p>\u00a0<\/p><p>ARTICOLO 3 \u2013 CONDIZIONI ECONOMICHE<\/p><p>\u00a0<\/p><p>3 \u2013 1 Acconto<\/p><p>Un deposito pari a 30% dell&#039;importo totale calcolato sul servizio pu\u00f2 essere richiesto se l&#039;attivit\u00e0 non si svolge lo stesso giorno della prenotazione.<\/p><p>Verr\u00e0 detratto dall&#039;importo residuo dovuto, al momento del saldo del corrispettivo pattuito per il servizio.<\/p><p>\u00a0<\/p><p>3 \u2013 2 Il Deposito<\/p><p>Verr\u00e0 richiesta una cauzione per l&#039;alloggio della base tempo libero, il noleggio di mountain bike o mountain bike con assistenza elettrica e per il noleggio di attrezzature per il CO...<\/p><p>\u00a0<\/p><p>3 \u2013 3 Pagamento e liquidazione del saldo<\/p><p>Il saldo dovr\u00e0 essere versato all&#039;arrivo al centro ricreativo &quot;Rapid&#039;Eau Park&quot; prima dell&#039;attivit\u00e0.<\/p><p>Se questo pagamento \u00e8 gi\u00e0 stato effettuato con uno dei nostri partner, presso il campeggio Rioclar o presso l&#039;ufficio Barcelonnette: Montagnes Ubaye; poi sar\u00e0 necessario portare il biglietto di prenotazione che \u00e8 la prova del buon pagamento.<\/p><p>Consumi e servizi aggiuntivi non menzionati saranno pagati direttamente alla cassa presso la nostra reception in loco presso la base ricreativa o presso il campeggio Rioclar.<\/p><p>\u00a0<\/p><p>3 \u2013 4 Modalit\u00e0 di pagamento<\/p><p>I conguagli dei pagamenti ed i pagamenti degli importi dei servizi, possono essere effettuati con i seguenti mezzi di pagamento: Bancomat, contanti, bonifico o CB CIRCUITO, assegno bancario e buono vacanza (ANCV).<\/p><p>\u00a0<\/p><p>3 \u2013 5 Prezzi e altre condizioni<\/p><p>Le tariffe sono visualizzate in conformit\u00e0 con le normative commerciali e includono:<\/p><p>- Supervisione da parte di guide, operatori o accompagnatori qualificati e motivati<\/p><p>-Materiali e attrezzature conformi agli standard e alla qualit\u00e0 per le attivit\u00e0<\/p><p>-Trasporto per attivit\u00e0 in acque bianche e, se necessario, mountain bike<\/p><p>\u00a0<\/p><p>ARTICOLO 4 \u2013 ASSICURAZIONE<\/p><p>\u00a0<\/p><p>Il personale addetto alla supervisione e la societ\u00e0 \u201cRapid&#039;Eau Park\u201d dispongono ciascuno di un&#039;assicurazione di Responsabilit\u00e0 Civile Professionale, a copertura delle diverse attivit\u00e0 offerte.<\/p><p>&quot;Rapid&#039;Eau Park&quot; \u00e8 membro della SNGPCKDA (Unione Nazionale delle Guide Professionali di Canoa Kayak e Discipline Associate)<\/p><p>Il cliente \u00e8 responsabile di tutti i danni da lui causati. Egli \u00e8 invitato a stipulare un contratto di assicurazione di tipo festivo per questi vari rischi.<\/p><p>\u00a0<\/p><p>ARTICOLO 5 \u2013 CONDIZIONE DI CANCELLAZIONE o RECESSO<\/p><p>\u00a0<\/p><p>5-1 Ritiro<\/p><p>Per le prenotazioni effettuate per posta, telefono, presso l&#039;ufficio di Montagnes Ubaye o via Internet, il cliente non beneficia del periodo di recesso, e ci\u00f2, ai sensi dell&#039;articolo L121-20-4 del codice del consumo relativo in particolare ai servizi Servizi.<\/p><p>\u00a0<\/p><p>5 \u2013 2 Annullamenti<\/p><p>Le attivit\u00e0 offerte da &quot;Rapid&#039;Eau Park&quot; che si svolgono nel cuore della natura e in un ambiente naturale,<\/p><p>Le guide e l&#039;azienda hanno la facolt\u00e0 di annullare, posticipare o modificare i percorsi delle attivit\u00e0 previste.<\/p><p>\u00a0<\/p><p>5 \u2013 2.1 Recesso da parte del Cliente<\/p><p>Qualsiasi cancellazione deve essere notificata o comunicata il prima possibile.<\/p><p>A disdetta del Cliente avvenuta 30 giorni prima della data del servizio, la caparra versata verr\u00e0 integralmente restituita<\/p><p>A disdetta del Cliente avvenuta tra il 31\u00b0 giorno e gli 8 giorni prima della data del servizio, l&#039;acconto versato verr\u00e0 incassato, non rimborsato e verr\u00e0 proposta una data di rinvio valida per un massimo di 1 anno.<\/p><p>In caso di disdetta da parte del Cliente da meno di 7 giorni fino a 24 ore prima della data del servizio, la caparra versata non sar\u00e0 restituita.<\/p><p>In caso di disdetta del Cliente avvenuta tra le 24 ore precedenti e giorni del servizio, l&#039;acconto versato non sar\u00e0 rimborsato e l&#039;importo totale del servizio potr\u00e0 essere richiesto nella sua interezza.<\/p><p>\u00a0<\/p><p>5 \u2013 2.2 Disdetta da parte del Centro Ricreativo<\/p><p>A seconda delle condizioni meteorologiche, del livello dell&#039;acqua o dello stato dei circuiti e dei sentieri, &quot;Rapid&#039;Eau Park&quot; si riserva il diritto di modificare i percorsi, deve informare il cliente il prima possibile.<\/p><p>Analogo percorso, garantendo la sicurezza dei partecipanti, sar\u00e0 proposto e svolto nelle medesime condizioni ludiche e sportive.<\/p><p>In caso di rinvio delle attivit\u00e0 verr\u00e0 proposto e pianificato un altro appuntamento.<\/p><p>In caso di disdetta verr\u00e0 proposta un&#039;altra data di appuntamento, in caso di impossibilit\u00e0 ad onorare il servizio se non si trovasse accordo da una o dall&#039;altra parte, il servizio verr\u00e0 integralmente rimborsato.<\/p>\t\t\t\t\t\t\t\t<\/div>\n\t\t\t\t<\/div>\n\t\t\t\t\t<\/div>\n\t\t<\/div>\n\t\t\t\t\t<\/div>\n\t\t<\/section>\n\t\t\t\t<\/div>","protected":false},"excerpt":{"rendered":"<p>CONDITIONS G\u00c9N\u00c9RALES DE VENTE Rapideau Raft dont le si\u00e8ge social est situ\u00e9 La Fresqui\u00e8re \u2013 04340 MEOLANS REVEL Siret : 41195404300013 APE : 8551Z Agissant par l\u2019interm\u00e9diaire de son repr\u00e9sentant l\u00e9gal : Monsieur Yann LEPRETRE, le g\u00e9rant Agr\u00e9ment jeunesse &#038; sport N\u00b0 00497ED0584 \u00a0 Par les pr\u00e9sents articles ci-dessous, les personnes souhaitant faire des activit\u00e9s [&hellip;]<\/p>\n","protected":false},"author":1,"featured_media":0,"parent":0,"menu_order":0,"comment_status":"closed","ping_status":"closed","template":"template-canvas.php","meta":{"_acf_changed":false,"footnotes":""},"class_list":["post-29037","page","type-page","status-publish","hentry"],"acf":[],"_links":{"self":[{"href":"https:\/\/rapideaupark.com\/it\/wp-json\/wp\/v2\/pages\/29037","targetHints":{"allow":["GET"]}}],"collection":[{"href":"https:\/\/rapideaupark.com\/it\/wp-json\/wp\/v2\/pages"}],"about":[{"href":"https:\/\/rapideaupark.com\/it\/wp-json\/wp\/v2\/types\/page"}],"author":[{"embeddable":true,"href":"https:\/\/rapideaupark.com\/it\/wp-json\/wp\/v2\/users\/1"}],"replies":[{"embeddable":true,"href":"https:\/\/rapideaupark.com\/it\/wp-json\/wp\/v2\/comments?post=29037"}],"version-history":[{"count":0,"href":"https:\/\/rapideaupark.com\/it\/wp-json\/wp\/v2\/pages\/29037\/revisions"}],"wp:attachment":[{"href":"https:\/\/rapideaupark.com\/it\/wp-json\/wp\/v2\/media?parent=29037"}],"curies":[{"name":"wp","href":"https:\/\/api.w.org\/{rel}","templated":true}]}}