{"id":29026,"date":"2023-02-20T16:42:33","date_gmt":"2023-02-20T12:42:33","guid":{"rendered":"https:\/\/rapideaupark.com\/?page_id=29026"},"modified":"2024-06-18T07:45:22","modified_gmt":"2024-06-18T05:45:22","slug":"cgu","status":"publish","type":"page","link":"https:\/\/rapideaupark.com\/it\/cgu\/","title":{"rendered":"Termini di servizio"},"content":{"rendered":"<div data-elementor-type=\"wp-page\" data-elementor-id=\"29026\" class=\"elementor elementor-29026\" data-elementor-post-type=\"page\">\n\t\t\t\t\t\t<section class=\"elementor-section elementor-top-section elementor-element elementor-element-d1ec246 elementor-section-boxed elementor-section-height-default elementor-section-height-default\" data-id=\"d1ec246\" data-element_type=\"section\" data-e-type=\"section\" data-settings=\"{&quot;ekit_has_onepagescroll_dot&quot;:&quot;yes&quot;}\">\n\t\t\t\t\t\t<div class=\"elementor-container elementor-column-gap-default\">\n\t\t\t\t\t<div class=\"elementor-column elementor-col-100 elementor-top-column elementor-element elementor-element-c27af5f\" data-id=\"c27af5f\" data-element_type=\"column\" data-e-type=\"column\">\n\t\t\t<div class=\"elementor-widget-wrap elementor-element-populated\">\n\t\t\t\t\t\t<div class=\"elementor-element elementor-element-92fb150 elementor-widget elementor-widget-heading\" data-id=\"92fb150\" data-element_type=\"widget\" data-e-type=\"widget\" data-widget_type=\"heading.default\">\n\t\t\t\t<div class=\"elementor-widget-container\">\n\t\t\t\t\t<h1 class=\"elementor-heading-title elementor-size-default\">TERMINI DI SERVIZIO<\/h1>\t\t\t\t<\/div>\n\t\t\t\t<\/div>\n\t\t\t\t<div class=\"elementor-element elementor-element-424d285 elementor-widget elementor-widget-text-editor\" data-id=\"424d285\" data-element_type=\"widget\" data-e-type=\"widget\" data-widget_type=\"text-editor.default\">\n\t\t\t\t<div class=\"elementor-widget-container\">\n\t\t\t\t\t\t\t\t\t<p>Ce site web est exploit\u00e9 par Rapid\u2019Eau Raft. Partout sur le site, nous employons les termes \u00ab nous \u00bb, \u00ab notre \u00bb et \u00ab nos \u00bb en r\u00e9f\u00e9rence \u00e0 Rapid\u2019Eau Raft. Ce site web, y compris l\u2019ensemble des informations, outils et services auquel il donne acc\u00e8s, est offert par Rapid\u2019Eau Raft \u00e0 l\u2019utilisateur que vous \u00eates, \u00e0 condition que vous acceptiez la totalit\u00e9 des modalit\u00e9s, conditions, politiques et avis stipul\u00e9s ici.<\/p><p>\u00a0<\/p><p>Visitando il nostro sito e\/o acquistando qualcosa dalla nostra azienda, prendi parte al nostro &quot;Servizio&quot; e accetti di essere vincolato dai seguenti termini e condizioni (&quot;Termini e condizioni&quot;, &quot;Termini di servizio&quot;). \u201d), compresi i termini, le condizioni e le politiche menzionate nel presente documento e\/o accessibili tramite collegamento ipertestuale. Le presenti Condizioni d&#039;uso si applicano a tutti gli utenti del Sito, inclusi, a titolo esemplificativo, individui che sono visitatori, venditori, clienti, commercianti e\/o fornitori di contenuti.<\/p><p>Veuillez lire attentivement les pr\u00e9sentes Conditions d\u2019utilisation avant d\u2019acc\u00e9der \u00e0 notre site web et de l\u2019utiliser. En acc\u00e9dant \u00e0 une quelconque partie du Site ou en l\u2019utilisant, vous acceptez d\u2019\u00eatre li\u00e9(e) par les pr\u00e9sentes Conditions d\u2019utilisation. Si vous n\u2019acceptez pas la totalit\u00e9 des modalit\u00e9s et conditions du pr\u00e9sent accord, vous ne pourrez peut-\u00eatre pas acc\u00e9der au site web ou utiliser ses services. Si les pr\u00e9sentes Conditions d\u2019utilisation sont consid\u00e9r\u00e9es comme une offre, leur acceptation se limite express\u00e9ment \u00e0 elles.<\/p><p>\u00a0<\/p><p>Anche eventuali nuovi strumenti o funzionalit\u00e0 aggiunti a questo negozio sono soggetti ai Termini di servizio. Puoi rivedere la versione pi\u00f9 recente dei Termini di servizio in qualsiasi momento su questa pagina. Ci riserviamo il diritto di aggiornare, modificare o sostituire qualsiasi parte di questi Termini di servizio pubblicando tali aggiornamenti e\/o modifiche sul nostro sito web. \u00c8 tua responsabilit\u00e0 controllare questa pagina di tanto in tanto per vedere se sono state apportate modifiche. Continuando ad accedere o utilizzare il sito Web dopo la pubblicazione di eventuali modifiche, accetti tali modifiche.<\/p><p>Il nostro negozio \u00e8 ospitato su Shopify Inc. Questa societ\u00e0 ci fornisce la piattaforma di e-commerce online che ci consente di venderti i nostri prodotti e servizi.<\/p><p>\u00a0<\/p><p>SECTION 1 \u2013 CONDITIONS D\u2019UTILISATION DE LA BOUTIQUE EN LIGNE<\/p><p>\u00a0<\/p><p>En acceptant les pr\u00e9sentes Conditions d\u2019utilisation, vous d\u00e9clarez avoir atteint ou d\u00e9pass\u00e9 l\u2019\u00e2ge de la majorit\u00e9 dans votre r\u00e9gion, province ou \u00c9tat et nous avoir donn\u00e9 l\u2019autorisation de permettre \u00e0 toute personne mineure \u00e0 votre charge d\u2019utiliser ce site.<\/p><p>\u00a0<\/p><p>Non devi utilizzare i nostri prodotti per scopi illegali o non autorizzati in alcun modo o violare alcuna legge nella tua giurisdizione durante l&#039;utilizzo del Servizio (incluse, a titolo esemplificativo ma non esaustivo, le leggi sul copyright).<\/p><p>\u00a0<\/p><p>Non devi trasmettere worm, virus o qualsiasi codice di natura distruttiva.<\/p><p>\u00a0<\/p><p>Una violazione o violazione di uno qualsiasi dei Termini comporter\u00e0 l&#039;immediata cessazione dei Servizi.<\/p><p>SEZIONE 2 \u2013 CONDIZIONI GENERALI<\/p><p>\u00a0<\/p><p>Ci riserviamo il diritto di rifiutare di servire chiunque in qualsiasi momento e per qualsiasi motivo.<\/p><p>\u00a0<\/p><p>Comprendi che i tuoi contenuti (esclusi i dati della tua carta di credito) possono essere trasferiti non crittografati e che ci\u00f2 include (a) trasmissioni su pi\u00f9 reti; e (b) le modifiche apportate allo scopo di conformarsi e adattarsi ai requisiti tecnici delle reti o dei dispositivi di connessione. I dati della tua carta di credito sono sempre crittografati quando vengono trasferiti su reti.<\/p><p>\u00a0<\/p><p>Accetti di non riprodurre, duplicare, copiare, vendere, rivendere o sfruttare qualsiasi parte del Servizio, qualsiasi uso del Servizio o qualsiasi accesso al Servizio, o qualsiasi contatto sul sito Web attraverso il quale viene fornito il Servizio, senza la nostra autorizzazione. espressamente scritto.<\/p><p>\u00a0<\/p><p>Le intestazioni utilizzate nel presente accordo sono incluse solo per comodit\u00e0 e non limiteranno o influenzeranno in altro modo i presenti Termini.<\/p><p>SEZIONE 3 \u2013 ESATTEZZA, COMPLETEZZA E TEMPESTIVIT\u00c0 DELL&#039;INFORMAZIONE<\/p><p>\u00a0<\/p><p>Non possiamo essere ritenuti responsabili se le informazioni offerte su questo sito sono inaccurate, incomplete o non aggiornate. Il materiale su questo sito \u00e8 fornito solo per informazioni generali e non deve essere considerato come unica base per prendere decisioni senza consultare fonti di informazioni pi\u00f9 sostanziali, pi\u00f9 accurate, pi\u00f9 complete o pi\u00f9 aggiornate. Se fai affidamento sul contenuto di questo sito, lo fai a tuo rischio e pericolo.<\/p><p>\u00a0<\/p><p>Questo sito pu\u00f2 contenere alcuni dati storici. Per definizione, i dati storici non sono aggiornati e vengono forniti solo come riferimento. Ci riserviamo il diritto di modificare i contenuti di questo sito in qualsiasi momento, ma non abbiamo l&#039;obbligo di aggiornare le informazioni in esso contenute. Riconosci che \u00e8 tua responsabilit\u00e0 monitorare le modifiche al nostro sito.<\/p><p>SEZIONE 4 \u2013 VARIAZIONI DEL SERVIZIO E DEI PREZZI<\/p><p>\u00a0<\/p><p>I prezzi dei nostri prodotti sono soggetti a modifiche senza preavviso.<\/p><p>\u00a0<\/p><p>Ci riserviamo il diritto di modificare o interrompere il Servizio (o parte di esso) in qualsiasi momento senza preavviso.<\/p><p>\u00a0<\/p><p>Non saremo responsabili nei tuoi confronti o nei confronti di terzi per qualsiasi variazione di prezzo o qualsiasi modifica, sospensione o interruzione del Servizio.<\/p><p>SEZIONE 5 \u2013 PRODOTTI O SERVIZI (se applicabile)<\/p><p>\u00a0<\/p><p>\u00c8 possibile che determinati prodotti o servizi siano disponibili solo online attraverso il sito web. Le quantit\u00e0 di questi prodotti o servizi possono essere limitate e la loro restituzione o sostituzione pu\u00f2 essere strettamente soggetta alla nostra politica di restituzione.<\/p><p>\u00a0<\/p><p>Abbiamo fatto ogni sforzo per presentare nel modo pi\u00f9 accurato possibile i colori e le immagini dei prodotti che appaiono nel negozio. Tuttavia, non possiamo garantire l&#039;accuratezza della visualizzazione dei colori sullo schermo del computer.<\/p><p>Ci riserviamo il diritto, ma non siamo obbligati, di limitare la vendita dei nostri prodotti o Servizi a una determinata persona, area geografica o giurisdizione. Ci permettiamo di esercitare questo diritto caso per caso. Ci riserviamo il diritto di limitare le quantit\u00e0 di qualsiasi prodotto o servizio che offriamo. Tutte le descrizioni e i prezzi dei prodotti sono soggetti a modifiche in qualsiasi momento, senza preavviso ea nostra esclusiva discrezione. Ci riserviamo il diritto di interrompere la vendita di qualsiasi prodotto in qualsiasi momento. Qualsiasi offerta di prodotti o servizi su questo sito \u00e8 nulla ove proibito dalla legge.<\/p><p>\u00a0<\/p><p>Non garantiamo che la qualit\u00e0 di qualsiasi prodotto, servizio, informazione o altro materiale che acquisti o ottieni soddisfi le tue aspettative o che eventuali errori nel Servizio vengano corretti.<\/p><p>SEZIONE 6 \u2013 ESATTEZZA DELLE INFORMAZIONI DI FATTURAZIONE E DELL&#039;ACCOUNT<\/p><p>\u00a0<\/p><p>Ci riserviamo il diritto di rifiutare qualsiasi ordine effettuato con noi. Possiamo, a nostra esclusiva discrezione, limitare o annullare le quantit\u00e0 acquistate per persona, per nucleo familiare o per ordine. Queste restrizioni possono includere ordini effettuati da o sullo stesso account cliente, la stessa carta di credito e\/o ordini che utilizzano lo stesso indirizzo di fatturazione e\/o spedizione. Se modifichiamo o annulliamo un ordine, potremmo tentare di avvisarti contattandoti utilizzando l&#039;indirizzo e-mail e\/o l&#039;indirizzo di fatturazione o il numero di telefono forniti al momento dell&#039;ordine. . Ci riserviamo il diritto di limitare o vietare gli ordini che riteniamo siano stati effettuati da rivenditori, rivenditori o distributori.<\/p><p>Accetti di fornire informazioni sull&#039;acquisto e sull&#039;account aggiornate, complete e accurate per tutti gli acquisti effettuati presso il nostro negozio. Accetti di aggiornare tempestivamente il tuo account e altre informazioni, incluso il tuo indirizzo e-mail e i numeri di carta di credito e le loro date di scadenza, in modo che possiamo completare le tue transazioni e contattarti se necessario.<\/p><p>\u00a0<\/p><p>Pour plus d\u2019informations, veuillez consulter notre Politique de retour.<\/p><p>SEZIONE 7 \u2013 STRUMENTI FACOLTATIVI<\/p><p>\u00a0<\/p><p>Potremmo fornirti l&#039;accesso a strumenti di terze parti che non monitoriamo, controlliamo o gestiamo.<\/p><p>\u00a0<\/p><p>Riconosci e accetti che ti forniamo l&#039;accesso a tali strumenti &quot;cos\u00ec come sono&quot; e &quot;come disponibili&quot;, senza garanzie, dichiarazioni o condizioni di alcun tipo e senza alcuna approvazione. Non siamo responsabili per qualsiasi cosa possa derivare o essere correlata al tuo utilizzo di strumenti opzionali di terze parti.<\/p><p>\u00a0<\/p><p>Qualsiasi utilizzo da parte tua di strumenti opzionali offerti attraverso il Sito \u00e8 interamente a tua discrezione e rischio. Inoltre, \u00e8 tua responsabilit\u00e0 informarti sulle condizioni alle quali questi strumenti sono forniti dal\/i fornitore\/i terzo\/i interessato\/i e accettare tali condizioni.<\/p><p>\u00a0<\/p><p>Il se peut \u00e9galement qu\u2019\u00e0 l\u2019avenir, nous proposions de nouveaux services et\/ou de nouvelles fonctionnalit\u00e9s \u00e0 travers le site web (y compris le lancement de nouveaux outils et ressources). Ces nouveaux services et\/ou fonctionnalit\u00e9s seront aussi assujettis aux pr\u00e9sentes Conditions d\u2019utilisation.<\/p><p>ARTICOLO 8 \u2013 COLLEGAMENTI DI TERZE PARTI<\/p><p>\u00a0<\/p><p>Alcuni contenuti, prodotti e servizi accessibili tramite il nostro Servizio possono includere materiali di terze parti.<\/p><p>\u00a0<\/p><p>I collegamenti di terze parti su questo sito possono reindirizzare l&#039;utente a siti Web di terze parti che non sono affiliati con noi. Non abbiamo alcun obbligo di rivedere o valutare il loro contenuto o accuratezza, n\u00e9 garantiamo o ci assumiamo alcuna responsabilit\u00e0 per il contenuto o i siti Web o altri contenuti, prodotti o servizi da fonti di terze parti.<\/p><p>\u00a0<\/p><p>Non siamo responsabili per eventuali danni o danni relativi all&#039;acquisto o all&#039;uso di beni, servizi, risorse, contenuti o qualsiasi altra transazione correlata a questi siti Web di terze parti. Si prega di leggere attentamente le politiche e le pratiche di queste terze parti e assicurarsi di comprenderle prima di intraprendere qualsiasi transazione. Reclami, reclami, preoccupazioni o domande relative a prodotti di terze parti devono essere indirizzati alle stesse terze parti.<\/p><p>ARTICLE 9 \u2013 COMMENTAIRES, RETOURS D\u2019EXP\u00c9RIENCE ET AUTRES SOUMISSIONS<\/p><p>\u00a0<\/p><p>Se, su nostra richiesta, invii contenuti specifici (ad esempio, nell&#039;ambito della tua partecipazione a concorsi), o se, senza nostra richiesta, invii idee creative, suggerimenti, proposte, progetti o altri materiali, sia online che via e-mail, per posta o in altro modo (collettivamente, &quot;Commenti&quot;), ci concedi il diritto in qualsiasi momento e senza restrizioni di modificare, copiare, pubblicare, distribuire, tradurre e utilizzare in qualsiasi supporto qualsiasi commento che ci invii. Non siamo e non avremo alcun obbligo (1) di mantenere riservati eventuali commenti; (2) per compensare chiunque per eventuali commenti forniti; o (3) rispondere ai commenti.<\/p><p>7. Nous pouvons, mais nous n\u2019en avons pas l\u2019obligation, supprimer le contenu et les Comptes contenant du contenu que nous jugeons, \u00e0 notre seule discr\u00e9tion, ill\u00e9gal, offensant, mena\u00e7ant, diffamatoire, pornographique, obsc\u00e8ne ou autrement r\u00e9pr\u00e9hensible ou qui viole la propri\u00e9t\u00e9 intellectuelle d\u2019une partie ou les pr\u00e9sentes Conditions d\u2019utilisation.<\/p><p>Accetti che i tuoi commenti non devono in alcun modo violare i diritti di terzi, inclusi diritti d&#039;autore, marchi, privacy, personalit\u00e0 o qualsiasi altro diritto di propriet\u00e0 personale o intellettuale. Accetti inoltre che i tuoi commenti non debbano contenere materiale illegale, offensivo o osceno o contenere virus informatici o altri malware che potrebbero in alcun modo influire sul funzionamento del Servizio o di qualsiasi sito Web correlato. Non puoi utilizzare un indirizzo e-mail falso, fingere di essere qualcuno che non sei o tentare di fuorviare noi o terze parti sull&#039;origine di eventuali commenti. Sei pienamente responsabile di tutti i commenti che invii e della loro accuratezza. Non siamo responsabili per eventuali commenti pubblicati dall&#039;utente o da terze parti.<\/p><p>\u00a0<\/p><p>ARTICOLO 10 \u2013 DATI PERSONALI<\/p><p>\u00a0<\/p><p>La trasmissione delle tue informazioni personali al nostro negozio \u00e8 regolata dalla nostra Informativa sulla privacy. Fare clic qui per visualizzare la nostra Informativa sulla privacy.<\/p><p>ARTICOLO 11 \u2013 ERRORI, IMPRECISIONI ED OMISSIONI<\/p><p>\u00a0<\/p><p>Occasionalmente potrebbero esserci informazioni sul nostro sito o nel Servizio che contengono errori tipografici, imprecisioni o omissioni, relative a descrizioni, prezzi, promozioni, offerte, spese di spedizione, tempi di consegna e disponibilit\u00e0 del prodotto. Ci riserviamo il diritto di correggere eventuali errori, inesattezze o omissioni e di modificare o aggiornare le informazioni, anche di annullare gli ordini se qualsiasi informazione nel Servizio o su qualsiasi sito Web correlato \u00e8 inesatta, e questo, in qualsiasi momento senza preavviso (anche dopo che l&#039;utente hai effettuato l&#039;ordine).<\/p><p>\u00a0<\/p><p>Non abbiamo alcun obbligo di aggiornare, modificare o chiarire le informazioni contenute nel Servizio o su qualsiasi sito Web correlato, incluse, a titolo esemplificativo ma non esaustivo, le informazioni sui prezzi, ad eccezione di quanto richiesto dalla legge. Nessun aggiornamento specifico o data di aggiornamento applicata al Servizio o a qualsiasi sito Web correlato pu\u00f2 essere impostato per indicare che tutte le informazioni offerte nel Servizio o su qualsiasi sito Web correlato sono state modificate o aggiornate.<\/p><p>ARTICOLO 12 \u2013 USI VIETATI<\/p><p>\u00a0<\/p><p>Oltre ad altri divieti stabiliti nelle Condizioni d&#039;uso, \u00e8 vietato utilizzare il sito o il suo contenuto:<\/p><p>(a) per qualsiasi scopo illecito; (b) indurre altri a compiere o partecipare ad atti illeciti; (c) violare qualsiasi ordinanza locale o regolamento, norma o legge internazionale, federale, provinciale o statale; (d) violare o violare i nostri diritti di propriet\u00e0 intellettuale o quelli di terzi; (e) molestare, abusare, insultare, danneggiare, diffamare, calunniare, denigrare, intimidire o discriminare chiunque in base a genere, orientamento sessuale, religione, etnia, razza, et\u00e0, origine nazionale o disabilit\u00e0; (f) fornire informazioni false o fuorvianti;<\/p><p>(g) per caricare o trasmettere virus o qualsiasi altro tipo di codice dannoso che verr\u00e0 o potrebbe essere utilizzato per compromettere la funzionalit\u00e0 o il funzionamento del Servizio o di qualsiasi sito Web correlato, nonch\u00e9 altri siti Web o da Internet; (h) per raccogliere o tracciare le informazioni personali di altri; (i) per spam, phishing, dirottamento di un dominio, estorsione di informazioni, navigazione, esplorazione o scansione del Web; (j) per scopi osceni o immorali; o (k) interrompere o eludere le misure di sicurezza del Servizio o di qualsiasi sito correlato, nonch\u00e9 altri siti Web o Internet. Ci riserviamo il diritto di interrompere l&#039;utilizzo del Servizio o di qualsiasi sito Web correlato per violazione di eventuali divieti d&#039;uso.<\/p><p>ARTICOLO 13 \u2013 ESCLUSIONE DI GARANZIE E LIMITAZIONE DI RESPONSABILIT\u00c0<\/p><p>\u00a0<\/p><p>Non garantiamo, garantiamo o dichiariamo che l&#039;utilizzo del nostro Servizio sar\u00e0 ininterrotto, sicuro, tempestivo o privo di errori.<\/p><p>\u00a0<\/p><p>Non garantiamo che i risultati che possono essere ottenuti dall&#039;utilizzo del Servizio saranno accurati o affidabili.<\/p><p>\u00a0<\/p><p>Accetti che, di tanto in tanto, possiamo ritirare il Servizio per periodi indefiniti o annullarlo in qualsiasi momento senza preavviso.<\/p><p>Accetti espressamente che il tuo utilizzo del Servizio, o la tua incapacit\u00e0 di utilizzarlo, \u00e8 a tuo esclusivo rischio. Il Servizio e tutti i prodotti e servizi forniti all&#039;utente attraverso di esso sono (se non espressamente dichiarato da noi) forniti &quot;cos\u00ec come sono&quot; e &quot;come disponibili&quot; per l&#039;uso da parte dell&#039;utente, senza dichiarazioni, garanzie o condizioni di alcun tipo, esplicite o implicite, incluse tutte le garanzie o condizioni implicite di commerciabilit\u00e0 o commerciabilit\u00e0, idoneit\u00e0 per uno scopo particolare, durata, titolo e non violazione.<\/p><p>Rapid&#039;Eau Raft, i nostri direttori, funzionari, dipendenti, affiliati, agenti, appaltatori, stagisti, fornitori, fornitori di servizi e licenziatari non saranno in alcun caso responsabili per eventuali lesioni, perdite, reclami o danni diretti, indiretti, incidentali, punitivi , speciali o consequenziali, inclusi ma non limitati a perdita di profitti, entrate, risparmi o dati, costi di sostituzione o altri danni simili, siano essi contrattuali, illeciti (anche per negligenza), responsabilit\u00e0 oggettiva o altro, derivanti dall&#039;utilizzo del Servizio o qualsiasi servizio o prodotto che lo utilizza, o qualsiasi altro reclamo correlato in qualsiasi modo all&#039;utilizzo del Servizio o di qualsiasi prodotto, inclusi, a titolo esemplificativo ma non esaustivo, errori o omissioni nel contenuto o qualsiasi perdita o danno derivante dall&#039;uso del Servizio o qualsiasi contenuto (o prodotto) pubblicato, trasmesso o reso accessibile tramite il Servizio, anche se sei stato avvisato della possibilit\u00e0 che si verifichino.<\/p><p>Poich\u00e9 alcuni stati o giurisdizioni non consentono l&#039;esclusione o la limitazione di responsabilit\u00e0 per danni consequenziali o incidentali, la nostra responsabilit\u00e0 in tali stati o giurisdizioni sar\u00e0 limitata nella misura massima consentita dalla legge.<\/p><p>\u00a0<\/p><p>ARTICOLO 14 \u2013 INDENNIZZO<\/p><p>\u00a0<\/p><p>Accetti di indennizzare, difendere e tenere indenne Rapid&#039;Eau Raft e i nostri genitori, sussidiari, affiliati, partner, funzionari, direttori, agenti, appaltatori, licenziatari, fornitori di servizi, subappaltatori, fornitori, stagisti e dipendenti, indenni da qualsiasi reclamo o richiesta , comprese le spese legali ragionevoli, sostenute da terze parti a causa o derivanti dalla violazione dei presenti Termini di servizio o dei documenti che incorporano per riferimento, o dalla violazione di qualsiasi legge o diritto di terzi da parte dell&#039;utente.<\/p><p>ARTICOLO 15 \u2013 SEPARABILITA&#039;<\/p><p>\u00a0<\/p><p>Nel caso in cui qualsiasi disposizione dei presenti Termini di servizio sia ritenuta illegale, nulla o inapplicabile, tale disposizione sar\u00e0 comunque applicabile nella misura massima consentita dalla legge e la parte inapplicabile sar\u00e0 considerata separata dai presenti Termini di servizio. , senza che tale sentenza pregiudichi la validit\u00e0 e l&#039;applicabilit\u00e0 delle altre disposizioni.<\/p><p>\u00a0<\/p><p>ARTICOLO 16 \u2013 RISOLUZIONE<\/p><p>\u00a0<\/p><p>Gli obblighi e le responsabilit\u00e0 sostenute dalle parti prima della data di risoluzione sopravvivranno alla risoluzione del presente accordo a tutti gli effetti.<\/p><p>\u00a0<\/p><p>Le presenti Condizioni d&#039;uso sopravviveranno a meno che e fino a quando non saranno risolte da te o da noi. \u00c8 possibile risolvere i presenti Termini di servizio in qualsiasi momento notificandoci che non si desidera pi\u00f9 utilizzare i nostri Servizi o quando si cessa di utilizzare il nostro sito.<\/p><p>Se rileviamo o sospettiamo, a nostra esclusiva discrezione, che tu stia violando o abbia violato qualsiasi termine o disposizione dei presenti Termini di servizio, potremmo anche rescindere il presente accordo in qualsiasi momento senza preavviso. Rimarrai quindi responsabile per tutti gli importi dovuti fino alla data di risoluzione inclusa, a seguito della quale potremmo negarti l&#039;accesso ai nostri Servizi (o parte di essi).<\/p><p>\u00a0<\/p><p>ARTICOLO 17 \u2013 INTERO ACCORDO<\/p><p>\u00a0<\/p><p>Tout manquement de notre part \u00e0 l\u2019exercice ou \u00e0 l\u2019application d\u2019un droit ou d\u2019une disposition des pr\u00e9sentes Conditions d\u2019utilisation ne constitue pas une renonciation \u00e0 ce droit ou \u00e0 cette disposition.<\/p><p>\u00a0<\/p><p>I presenti Termini di servizio o qualsiasi altra politica o regola operativa pubblicata da noi su questo sito o relativa al Servizio costituiscono l&#039;intero accordo e accordo tra te e noi e regolano il tuo utilizzo del Servizio. Sostituiscono tutti gli accordi, le comunicazioni e le proposte precedenti e contemporanei, orali o scritti, tra te e noi (incluse, a titolo esemplificativo ma non esaustivo, eventuali versioni precedenti dei Termini di servizio).<\/p><p>Qualsiasi ambiguit\u00e0 relativa all&#039;interpretazione delle presenti Condizioni d&#039;uso non deve essere interpretata contro la parte redattrice.<\/p><p>\u00a0<\/p><p>\u00a0<\/p><p>ARTICOLO 18 \u2013 LEGGE APPLICABILE<\/p><p>\u00a0<\/p><p>I presenti Termini di servizio, nonch\u00e9 qualsiasi accordo separato in base al quale ti forniamo i Servizi, sono regolati e interpretati ai sensi delle leggi di La Fresqui\u00e8re, M\u00e9olans-Revel, Alpes-de-Haute-Provence, 04340, Francia.<\/p><p>\u00a0<\/p><p>\u00a0<\/p><p>ARTICOLO 19 \u2013 MODIFICHE EFFETTUATE ALLE CONDIZIONI DI UTILIZZO<\/p><p>\u00a0<\/p><p>Puoi rivedere la versione pi\u00f9 recente dei Termini di servizio in qualsiasi momento su questa pagina.<\/p><p>\u00a0<\/p><p>Ci riserviamo il diritto, a nostra esclusiva discrezione, di aggiornare, modificare o sostituire qualsiasi parte di questi Termini di servizio pubblicando tali aggiornamenti e\/o modifiche sul nostro sito web. \u00c8 tua responsabilit\u00e0 controllare periodicamente il nostro sito Web per vedere se sono state apportate modifiche. Continuando ad accedere o utilizzare il nostro sito Web e il Servizio dopo la pubblicazione di eventuali modifiche ai presenti Termini di servizio, accetti tali modifiche.<\/p><p>\u00a0<\/p><p>\u00a0<\/p><p>ARTICOLO 20 \u2013 DATI DI CONTATTO<\/p><p>\u00a0<\/p><p>Le domande relative ai Termini di servizio devono essere inviate a rapidauraftubaye@gmail.com.<\/p>\t\t\t\t\t\t\t\t<\/div>\n\t\t\t\t<\/div>\n\t\t\t\t\t<\/div>\n\t\t<\/div>\n\t\t\t\t\t<\/div>\n\t\t<\/section>\n\t\t\t\t<\/div>","protected":false},"excerpt":{"rendered":"<p>CONDITIONS G\u00c9N\u00c9RALES D\u2019UTILISATION Ce site web est exploit\u00e9 par Rapid\u2019Eau Raft. Partout sur le site, nous employons les termes \u00ab nous \u00bb, \u00ab notre \u00bb et \u00ab nos \u00bb en r\u00e9f\u00e9rence \u00e0 Rapid\u2019Eau Raft. Ce site web, y compris l\u2019ensemble des informations, outils et services auquel il donne acc\u00e8s, est offert par Rapid\u2019Eau Raft \u00e0 [&hellip;]<\/p>\n","protected":false},"author":1,"featured_media":0,"parent":0,"menu_order":0,"comment_status":"closed","ping_status":"closed","template":"template-canvas.php","meta":{"_acf_changed":false,"footnotes":""},"class_list":["post-29026","page","type-page","status-publish","hentry"],"acf":[],"_links":{"self":[{"href":"https:\/\/rapideaupark.com\/it\/wp-json\/wp\/v2\/pages\/29026","targetHints":{"allow":["GET"]}}],"collection":[{"href":"https:\/\/rapideaupark.com\/it\/wp-json\/wp\/v2\/pages"}],"about":[{"href":"https:\/\/rapideaupark.com\/it\/wp-json\/wp\/v2\/types\/page"}],"author":[{"embeddable":true,"href":"https:\/\/rapideaupark.com\/it\/wp-json\/wp\/v2\/users\/1"}],"replies":[{"embeddable":true,"href":"https:\/\/rapideaupark.com\/it\/wp-json\/wp\/v2\/comments?post=29026"}],"version-history":[{"count":0,"href":"https:\/\/rapideaupark.com\/it\/wp-json\/wp\/v2\/pages\/29026\/revisions"}],"wp:attachment":[{"href":"https:\/\/rapideaupark.com\/it\/wp-json\/wp\/v2\/media?parent=29026"}],"curies":[{"name":"wp","href":"https:\/\/api.w.org\/{rel}","templated":true}]}}