{"id":128832,"date":"2023-04-10T15:39:46","date_gmt":"2023-04-10T11:39:46","guid":{"rendered":"https:\/\/rapideaupark.com\/?post_type=product&#038;p=128832"},"modified":"2024-11-12T12:39:52","modified_gmt":"2024-11-12T11:39:52","slug":"course-orientation","status":"publish","type":"product","link":"https:\/\/rapideaupark.com\/en\/course-orientation\/","title":{"rendered":"Orienteering"},"content":{"rendered":"","protected":false},"excerpt":{"rendered":"<p>Running out of ideas for walks? Want to know, once and for all, who in your group has the best sense of direction? Difficult to motivate children to go for a walk?<\/p>\n<p>Let yourself be tempted by our orienteering course. Go with the help of map and compass, in search of beacons located here and there in the mountain...<\/p>","protected":false},"featured_media":130251,"comment_status":"open","ping_status":"closed","template":"","meta":{"_acf_changed":false},"product_brand":[],"product_cat":[63],"product_tag":[85,86,83,66,88,89],"class_list":{"0":"post-128832","1":"product","2":"type-product","3":"status-publish","4":"has-post-thumbnail","6":"product_cat-activites-outdoors","7":"product_tag-a-partir-de-10-ans","8":"product_tag-a-partir-de-12-ans","9":"product_tag-a-partir-de-4-ans","10":"product_tag-activite-familiale","11":"product_tag-activite-reservable-en-ligne","12":"product_tag-tres-sportif","13":"wcpa_has_options","15":"first","16":"instock","17":"virtual","18":"purchasable","19":"product-type-simple"},"acf":[],"wcpa_form_fields":{"wcpaData":{"product":{"product_price":10,"price_html":"<span class=\"woocommerce-Price-amount amount\"><bdi>10,00<span class=\"woocommerce-Price-currencySymbol\">&euro;<\/span><\/bdi><\/span>","original_product_price":10,"price_including_tax":10,"price_excluding_tax":10,"product_id":{"parent":128832,"variation":false},"is_variable":false,"stock_status":"instock","stock_quantity":null,"parent_sku":"","product_attributes":[],"custom_fields":{"wcpa_pcf_plein_tarif":"10","wcpa_pcf_tarif_enfant":"10","wcpa_pcf_rdv_1":"Matin","wcpa_pcf_rdv_2":"Midi","wcpa_pcf_rdv_3":"Apr\u00e8s midi","wcpa_pcf_nom_activite":"course d'orientation","wcpa_pcf_prix_pack_famille":"","wcpa_pcf_nom_parcours_1":"Vitesse Randonn\u00e9e","wcpa_pcf_type_prerequis_p1":"","wcpa_pcf_prerequis_p1":"Nombre de participants","wcpa_pcf_nom_parcours_2":"Vitesse Trail","wcpa_pcf_type_prerequis_p2":"","wcpa_pcf_prerequis_p2":"Nombre de participants","wcpa_pcf_rdv_4":"16:45"},"is_taxable":false,"product_name":"Course d'orientation","hasImage":false},"fields":{"sec_1642ac3ae1ed8c":{"extra":{"key":"sec_1642ac3ae1ed8c","section_id":"sec_1642ac3ae1ed8c","name":"Default","status":1,"cl_rule":"show","enableCl":false,"relations":[],"toggle":true,"title_tag":"h3","show_title":false,"showPrice":"default","form_id":111811,"form_rules":{"exclude_from_discount":false,"fee_label":"Frais","disp_hide_options_price":false,"disp_show_section_price":false,"disp_show_field_price":true,"layout_option":"standard","pric_use_as_fee":false,"process_fee_as":"custom"},"layout_option":"standard"},"fields":[[{"active":true,"col":6,"relations":false,"cl_rule":"show","enableCl":false,"price":"","enablePrice":false,"className":"","label_position":"default","desc_position":"default","type":"header","required":false,"elementId":"header_3642ac3ae1ee0a","label":"R\u00e9servez votre activit\u00e9 course d'orientation","subtype":"h3","error":false,"enableDesign":false,"gt_translate_keys":["label"],"price_dependency":false,"cl_dependency":false,"value":""}],[{"label":"Date ","active":true,"required":true,"elementId":"date_1642ac3ae1ee40","picker_type":"custom","picker_mode":"single","name":"date_1642ac3ae1ee40","label_position":"default","desc_position":"default","enablePrice":false,"className":"","enableCl":false,"relations":false,"mapToCheckout":false,"min_date":{"type":"date","val":"2026-05-01"},"max_date":"","date_pic_conf":{"dateFormat":"(d-m-Y)"},"price":"","cl_rule":"show","col":3,"type":"date","error":false,"enableDesign":false,"date_pic_inline":false,"date_pic_inline_hide":false,"tooltip":"Si la date souhait\u00e9e n'est pas disponible \u00e0 la r\u00e9servation en ligne, \u00e7a ne signifie pas n\u00e9cessairement que nous sommes complets \u00e0 cette p\u00e9riode. Merci alors de nous contacter par t\u00e9l\u00e9phone pour mettre en place ensemble cette r\u00e9servation. Notre contact : 04 92 81 92 03 ou 06 86 99 97 28.","placeholder":"Date de l'activit\u00e9","isWeightTemplate":false,"isTemplate":false,"min_quantity":"1","quantity_decimal":false,"quantity_step":"1","quantity_label":"Quantity","repeater_field_label":"{field_label}","repeater_bind":"","gt_translate_keys":["label","placeholder","tooltip","repeater_field_label","quantity_label"],"price_dependency":false,"cl_dependency":["date-4369825431","separator_10642ac3ae1eeb0","number_6642ac3ae1f07a","number_1642ac3ae1f09e","separator_4642ac3ae1ef55","radio-group_4642ac3ae1f13f"],"value":""},{"active":true,"col":3,"relations":false,"cl_rule":"show","enableCl":false,"price":"","enablePrice":false,"className":"","label_position":"default","desc_position":"default","type":"select","required":false,"elementId":"select_5253494041","label":"Heure","name":"select_5253494041","values":[{"label":"Matin","value":"Matin","selected":false,"tempId":"aco_38","gt_translate_keys":["label"]},{"label":"Midi","value":"Midi","selected":false,"tempId":"aco_138","gt_translate_keys":["label"]},{"label":"Apr\u00e8s midi","value":"Apr\u00e8s midi","selected":false,"tempId":"aco_193","gt_translate_keys":["label"]}],"dropdown_type":"basic","error":false,"placeholder":"Cr\u00e9neau d'arriv\u00e9e","gt_translate_keys":["label","placeholder"],"price_dependency":false,"cl_dependency":["separator_10642ac3ae1eeb0","number_6642ac3ae1f07a","number_1642ac3ae1f09e","separator_4642ac3ae1ef55","radio-group_4642ac3ae1f13f"],"value":""}],[{"label":"Date r\u00e9servation instantan\u00e9e","active":true,"required":true,"elementId":"date-4369825431","picker_type":"custom","picker_mode":"single","placeholder":"Date de l'activit\u00e9","tooltip":"Ce champ de s\u00e9lection de date vous permet de r\u00e9server votre activit\u00e9 pour le jour m\u00eame. Si vous n'avez pas \u00e9t\u00e9 invit\u00e9s par notre \u00e9quipe \u00e0 faire une r\u00e9servation pour le jour m\u00eame, nous vous invitons \u00e0 ne pas le remplir et pr\u00e9f\u00e9rer le champ de s\u00e9lection de date ci-dessus.","name":"date-4369825431","label_position":"default","desc_position":"default","enablePrice":false,"className":"","enableCl":true,"relations":[{"operator":false,"rules":[{"operator":"AND","rules":{"cl_field":"date_1642ac3ae1ee40","cl_relation":"is","cl_val":"2023-10-15"}}]}],"enableDesign":false,"mapToCheckout":false,"date_pic_inline":false,"date_pic_inline_hide":false,"min_date":{"type":"days","val":"0"},"max_date":{"type":"days","val":"1"},"date_pic_conf":{"dateFormat":"(d-m-Y)"},"price":"","cl_rule":"show","col":3,"type":"date","error":false,"gt_translate_keys":["label","placeholder","tooltip"],"price_dependency":false,"cl_dependency":false,"value":""}],[{"active":true,"col":6,"relations":[{"operator":false,"rules":[{"operator":"and","rules":{"cl_field":"date_1642ac3ae1ee40","cl_relation":"is_not_empty","cl_val":""}},{"operator":"AND","rules":{"cl_field":"select_5253494041","cl_relation":"is_not_empty","cl_val":""}}]}],"cl_rule":"show","enableCl":true,"price":"","enablePrice":false,"className":"","label_position":"default","desc_position":"default","type":"separator","required":false,"elementId":"separator_10642ac3ae1eeb0","label":"Separator Field","height":"15","separatorType":"blank","error":false,"gt_translate_keys":["label"],"price_dependency":false,"cl_dependency":false,"value":""}],[{"active":true,"col":3,"relations":[{"operator":false,"rules":[{"operator":"and","rules":{"cl_field":"date_1642ac3ae1ee40","cl_relation":"is_not_empty","cl_val":""}},{"operator":"AND","rules":{"cl_field":"select_5253494041","cl_relation":"is_not_empty","cl_val":""}}]}],"cl_rule":"show","enableCl":true,"price":"(10*{value})","enablePrice":true,"className":"","label_position":"default","desc_position":"default","type":"number","required":true,"elementId":"number_6642ac3ae1f07a","label":"Vitesse Randonn\u00e9e: 10 \u20ac \/p","name":"number_6642ac3ae1f07a","value":"","error":false,"pricingType":"custom","description":"","tooltip":"","placeholder":"Nombre de participants","cartLabel":"","isTemplate":false,"disable_manual_input":false,"step":"","charleft":false,"min":"0","max":"15","pattern":"^(100|[1-9]?[0-9])$","minValueError":"","maxValueError":"Pour un groupe sup\u00e9rieur \u00e0 15 participants, merci de nous contacter directement par t\u00e9l\u00e9phone ou mail","gt_translate_keys":["label","placeholder","description","value","tooltip","minValueError","maxValueError"],"price_dependency":false,"cl_dependency":["separator_9642ac3ae1f0c8","content-7180355129"]},{"label":"Vitesse Trail: 10 \u20ac \/p","active":true,"required":false,"elementId":"number_1642ac3ae1f09e","value":"","name":"number_1642ac3ae1f09e","label_position":"default","desc_position":"default","enablePrice":true,"className":"","enableCl":true,"relations":[{"operator":false,"rules":[{"operator":"and","rules":{"cl_field":"date_1642ac3ae1ee40","cl_relation":"is_not_empty","cl_val":""}},{"operator":"AND","rules":{"cl_field":"select_5253494041","cl_relation":"is_not_empty","cl_val":""}}]}],"pricingType":"custom","price":"(10*{value})","cl_rule":"show","col":3,"type":"number","error":false,"description":"","placeholder":"Nombre de participants","cartLabel":"","isTemplate":false,"min":"0","pattern":"^(100|[1-9]?[0-9])$","max":"15","maxValueError":"Pour un groupe sup\u00e9rieur \u00e0 15 participants, merci de nous contacter directement par t\u00e9l\u00e9phone ou mail","disable_manual_input":false,"gt_translate_keys":["label","placeholder","description","value","maxValueError"],"price_dependency":false,"cl_dependency":["separator_9642ac3ae1f0c8","content-7180355129"]}],[{"elementId":"separator_4642ac3ae1ef55","separatorType":"blank","className":"","height":"20","enableCl":true,"relations":[{"operator":false,"rules":[{"operator":"and","rules":{"cl_field":"date_1642ac3ae1ee40","cl_relation":"is_not_empty","cl_val":""}},{"operator":"AND","rules":{"cl_field":"select_5253494041","cl_relation":"is_not_empty","cl_val":""}}]}],"cl_rule":"show","col":6,"type":"separator","error":false,"gt_translate_keys":[],"price_dependency":false,"cl_dependency":false,"value":""}],[{"active":true,"col":6,"relations":[{"operator":false,"rules":[{"operator":"and","rules":{"cl_field":"date_1642ac3ae1ee40","cl_relation":"is_not_empty","cl_val":""}},{"operator":"AND","rules":{"cl_field":"select_5253494041","cl_relation":"is_not_empty","cl_val":""}}]}],"cl_rule":"show","enableCl":true,"price":"","enablePrice":false,"className":"","label_position":"default","desc_position":"default","type":"radio-group","required":false,"elementId":"radio-group_4642ac3ae1f13f","label":"Souhaitez vous nous communiquer des informations compl\u00e9mentaires li\u00e9es \u00e0 votre pr\u00e9-r\u00e9servation ?","name":"radio-group_4642ac3ae1f13f","values":[{"label":"Oui","value":"Oui","selected":false,"tempId":"aco_3078","gt_translate_keys":["label"]},{"label":"Non","value":"Non","selected":true,"tempId":"aco_3079","gt_translate_keys":["label"]}],"layOut":"inline","error":false,"checkUi":"","hideFieldIn_cart":true,"hideFieldIn_order":true,"enableDesign":true,"LabelColor":"#000000","scrollBar":false,"gt_translate_keys":["label"],"price_dependency":false,"cl_dependency":["textarea_7642ac3ae1f18e"],"value":""}],[{"active":true,"col":6,"relations":[{"operator":false,"rules":[{"operator":"AND","rules":{"cl_field":"radio-group_4642ac3ae1f13f","cl_relation":"is","cl_val":"Oui"}}]}],"cl_rule":"show","enableCl":true,"price":"","enablePrice":false,"className":"","label_position":"default","desc_position":"default","type":"textarea","required":false,"elementId":"textarea_7642ac3ae1f18e","label":"Informations compl\u00e9mentaires","name":"textarea_7642ac3ae1f18e","value":"","rows":"3","error":false,"placeholder":"Texte libre","hideFieldIn_cart":false,"maxlength":"300","charleftMessage":"","maxlengthError":"","gt_translate_keys":["label","placeholder","value","maxlengthError"],"price_dependency":false,"cl_dependency":false}],[{"elementId":"separator_9642ac3ae1f0c8","separatorType":"blank","className":"","height":"10","enableCl":true,"relations":[{"operator":false,"rules":[{"operator":"or","rules":{"cl_field":"number_6642ac3ae1f07a","cl_relation":"is_not_empty","cl_val":[]}},{"operator":false,"rules":{"cl_field":"number_1642ac3ae1f09e","cl_relation":"is_not_empty","cl_val":[]}}]}],"cl_rule":"show","col":6,"type":"separator","error":false,"gt_translate_keys":[],"price_dependency":false,"cl_dependency":false,"value":""}],[{"contentType":"plain","active":true,"label":"PR\u00c9-R\u00c9SERVATION","elementId":"content-7180355129","value":"Dans le cas exceptionnel d'une impossibilit\u00e9 de notre part de vous accueillir sur le cr\u00e9neau s\u00e9lectionn\u00e9. Nous vous recontacterons le jour m\u00eame o\u00f9 vous avez finalis\u00e9 votre r\u00e9servation pour vous proposer un autre cr\u00e9neau au plus proche de celui d\u00e9sir\u00e9. Si cette contre proposition ne vous convient pas, nous vous garantissons un remboursement int\u00e9gral et imm\u00e9diat sur votre CB.","inline":false,"name":"content-7180355129","enablePrice":false,"className":"","subtype":"p","enableCl":true,"relations":[{"operator":false,"rules":[{"operator":"or","rules":{"cl_field":"number_6642ac3ae1f07a","cl_relation":"is_not_empty","cl_val":""}},{"operator":"AND","rules":{"cl_field":"number_1642ac3ae1f09e","cl_relation":"is_not_empty","cl_val":""}}]}],"price":"","cl_rule":"show","col":6,"type":"content","error":false,"gt_translate_keys":["label","value"],"price_dependency":false,"cl_dependency":["checkbox_2642ac3ae1ef2b"]}],[{"active":true,"col":6,"relations":[{"operator":false,"rules":[{"operator":false,"rules":{"cl_field":"content-7180355129","cl_relation":"is_visible","cl_val":""}}]}],"cl_rule":"show","enableCl":true,"price":"","enablePrice":false,"className":"","label_position":"default","desc_position":"default","type":"checkbox","required":true,"elementId":"checkbox_2642ac3ae1ef2b","label":"Accepter ces conditions de pr\u00e9-r\u00e9servation ","name":"checkbox_2642ac3ae1ef2b","value":false,"check_value":"Oui","checkUi":"toggle","error":false,"hideFieldIn_cart":true,"enableDesign":false,"hideFieldIn_order":true,"gt_translate_keys":["label","value","check_value"],"price_dependency":false,"cl_dependency":["separator_1642ac3ae1f1b7","content_10642ac3ae1eeda"]}],[{"elementId":"separator_1642ac3ae1f1b7","separatorType":"blank","className":"","height":"10","enableCl":true,"relations":[{"operator":false,"rules":[{"operator":false,"rules":{"cl_field":"checkbox_2642ac3ae1ef2b","cl_relation":"is","cl_val":true}}]}],"cl_rule":"show","col":6,"type":"separator","error":false,"gt_translate_keys":[],"price_dependency":false,"cl_dependency":false,"value":""}],[{"contentType":"plain","active":true,"label":"Formulaire termin\u00e9, vous pouvez cliquer sur \"Ajouter au panier\"","elementId":"content_10642ac3ae1eeda","value":"","inline":false,"name":"content_10642ac3ae1eeda","enablePrice":false,"className":"","subtype":"p","enableCl":true,"relations":[{"operator":false,"rules":[{"operator":"AND","rules":{"cl_field":"checkbox_2642ac3ae1ef2b","cl_relation":"is","cl_val":true}}]}],"price":"","cl_rule":"show","col":6,"type":"content","error":false,"hideFieldIn_cart":true,"gt_translate_keys":["label","value"],"price_dependency":false,"cl_dependency":false}]]}},"config":{"price_override":"always","enable_recaptcha":true,"bind_quantity":false,"quantity_bind_formula":false,"disp_summ_show_option_price":true,"disp_summ_show_product_price":true,"disp_summ_show_total_price":true,"disp_summ_show_fee":false,"disp_summ_show_discount":false,"summary_title":"","options_total_label":"Options Price","total_label":"Total","options_product_label":"Product Price","fee_label":"Frais","discount_label":"Discount","has_price":true,"has_quantity_formula":false},"mc_unit":1,"tax_rate":1,"tax_rate_real":1,"discount":{"percentage":0,"fixed":0},"design":{"conf":{"LabelPosition":"above","DescPosition":"above","UploadField":"custom_1","QuantityFieldStyle":"default"},"css":{"LeftLabelWidth":"120px"}},"formulas":[],"lookuptables":[],"clones":false,"cartKey":false}},"_links":{"self":[{"href":"https:\/\/rapideaupark.com\/en\/wp-json\/wp\/v2\/product\/128832","targetHints":{"allow":["GET"]}}],"collection":[{"href":"https:\/\/rapideaupark.com\/en\/wp-json\/wp\/v2\/product"}],"about":[{"href":"https:\/\/rapideaupark.com\/en\/wp-json\/wp\/v2\/types\/product"}],"replies":[{"embeddable":true,"href":"https:\/\/rapideaupark.com\/en\/wp-json\/wp\/v2\/comments?post=128832"}],"version-history":[{"count":0,"href":"https:\/\/rapideaupark.com\/en\/wp-json\/wp\/v2\/product\/128832\/revisions"}],"wp:featuredmedia":[{"embeddable":true,"href":"https:\/\/rapideaupark.com\/en\/wp-json\/wp\/v2\/media\/130251"}],"wp:attachment":[{"href":"https:\/\/rapideaupark.com\/en\/wp-json\/wp\/v2\/media?parent=128832"}],"wp:term":[{"taxonomy":"product_brand","embeddable":true,"href":"https:\/\/rapideaupark.com\/en\/wp-json\/wp\/v2\/product_brand?post=128832"},{"taxonomy":"product_cat","embeddable":true,"href":"https:\/\/rapideaupark.com\/en\/wp-json\/wp\/v2\/product_cat?post=128832"},{"taxonomy":"product_tag","embeddable":true,"href":"https:\/\/rapideaupark.com\/en\/wp-json\/wp\/v2\/product_tag?post=128832"}],"curies":[{"name":"wp","href":"https:\/\/api.w.org\/{rel}","templated":true}]}}