{"id":29163,"date":"2023-02-20T16:56:27","date_gmt":"2023-02-20T12:56:27","guid":{"rendered":"https:\/\/rapideaupark.com\/?page_id=29163"},"modified":"2024-06-24T13:29:27","modified_gmt":"2024-06-24T11:29:27","slug":"legal-notice","status":"publish","type":"page","link":"https:\/\/rapideaupark.com\/en\/legal-notice\/","title":{"rendered":"Legal Notice"},"content":{"rendered":"<div data-elementor-type=\"wp-page\" data-elementor-id=\"29163\" class=\"elementor elementor-29163\" data-elementor-post-type=\"page\">\n\t\t\t\t\t\t<section class=\"elementor-section elementor-top-section elementor-element elementor-element-68588de elementor-section-boxed elementor-section-height-default elementor-section-height-default\" data-id=\"68588de\" data-element_type=\"section\" data-e-type=\"section\" data-settings=\"{&quot;ekit_has_onepagescroll_dot&quot;:&quot;yes&quot;}\">\n\t\t\t\t\t\t<div class=\"elementor-container elementor-column-gap-default\">\n\t\t\t\t\t<div class=\"elementor-column elementor-col-100 elementor-top-column elementor-element elementor-element-6170b05\" data-id=\"6170b05\" data-element_type=\"column\" data-e-type=\"column\">\n\t\t\t<div class=\"elementor-widget-wrap elementor-element-populated\">\n\t\t\t\t\t\t<div class=\"elementor-element elementor-element-df0def1 elementor-widget elementor-widget-heading\" data-id=\"df0def1\" data-element_type=\"widget\" data-e-type=\"widget\" data-widget_type=\"heading.default\">\n\t\t\t\t<div class=\"elementor-widget-container\">\n\t\t\t\t\t<h1 class=\"elementor-heading-title elementor-size-default\">Legal notices and privacy policies <\/h1>\t\t\t\t<\/div>\n\t\t\t\t<\/div>\n\t\t\t\t<div class=\"elementor-element elementor-element-e43bafd elementor-widget elementor-widget-text-editor\" data-id=\"e43bafd\" data-element_type=\"widget\" data-e-type=\"widget\" data-widget_type=\"text-editor.default\">\n\t\t\t\t<div class=\"elementor-widget-container\">\n\t\t\t\t\t\t\t\t\t<p>Site Internet Rapid\u2019Eau Park<br \/>Soci\u00e9t\u00e9 : RAPID\u2019EAU RAFT<br \/>La Fresquiere<br \/>04340 MEOLANS-REVEL<br \/>France<\/p><p>Telephone: 04 92 81 92 03<\/p><p>SIRET: 411 954 043 00013<br \/>APE: 9329Z<\/p><p>Publication manager: Mr. Yann LEPR\u00caTRE<\/p><p>PHOTO CREDITS<\/p><p>\u00a9 Rapid\u2019Eau Raft<br \/><br \/><\/p><p>PRIVACY POLICY<\/p><p>Who are we ?<\/p><p>L\u2019adresse de notre site web est : https:\/\/rapideaupark.com.<\/p><p>Comments<\/p><p>When visitors leave comments on the site we collect the data shown in the comments form, and also the visitor&#039;s IP address and browser user agent string to help spam detection.<\/p><p>An anonymous string created from your email address (also called a &quot;hash&quot;) may be provided to the Gravatar service to verify whether you are using it. The privacy policy of the Gravatar service is available here: https:\/\/automattic.com\/privacy\/. After approval of your comment, your profile picture is visible to the public in the context of your comment.<\/p><p>Media<\/p><p>If you upload images to the website, avoid doing so with embedded location data (EXIF GPS). Website visitors can download and extract all location data from images on the website.<\/p><p>Cookies<\/p><p>If you leave a comment on our site, you can agree to have your name, email address and website stored in cookies. These cookies are meant to make it easier for you, so that you don&#039;t have to provide your details again when you leave another comment. These cookies have a lifespan of one year.<\/p><p>If you visit our login page, we will set a temporary cookie to determine if your browser accepts cookies. This cookie does not contain any personal data and is deleted when you close your browser.<\/p><p>Lorsque vous vous connectez, nous installons \u00e9galement plusieurs cookies pour enregistrer vos informations de connexion et vos choix d\u2019affichage \u00e0 l\u2019\u00e9cran. Les cookies de connexion ont une dur\u00e9e de vie de deux jours et les cookies d\u2019options d\u2019\u00e9cran ont une dur\u00e9e de vie d\u2019un an. Si vous s\u00e9lectionnez l\u2019option \u00ab\u00a0Se souvenir de moi\u00a0\u00bb, votre connexion sera conserv\u00e9e pendant deux semaines. Si vous vous d\u00e9connectez de votre compte, les cookies de connexion seront supprim\u00e9s.<\/p><p>Si vous modifiez ou publiez un article, un cookie suppl\u00e9mentaire sera enregistr\u00e9 dans votre navigateur. Ce cookie ne contient aucune donn\u00e9e personnelle et indique simplement l\u2019ID de l\u2019article que vous venez de modifier. Il expire au bout d\u2019un jour.<\/p><p>Contenu int\u00e9gr\u00e9 d\u2019autres sites web<\/p><p>Articles on this site may contain embedded content (e.g. videos, images, articles, etc.). Embedded content from other websites behaves exactly the same as if the visitor had visited the other website.<\/p><p>These websites may collect data about you, use cookies, embed additional third-party tracking, and monitor your interaction with that embedded content, including your interaction with the embedded content if you have an account and are logged in to that embedded content. website.<\/p><p>With whom do we share your data?<\/p><p>If you request a password reset, your IP address will be included in the reset email.<\/p><p>Data retention period<\/p><p>If you leave a comment, the comment and its metadata are retained indefinitely. This allows us to automatically recognize and approve subsequent comments instead of holding them in a moderation queue.<\/p><p>Pour les utilisateurs qui s\u2019inscrivent sur notre site web (le cas \u00e9ch\u00e9ant), nous stockons \u00e9galement les informations personnelles qu\u2019ils fournissent dans leur profil d\u2019utilisateur. Tous les utilisateurs peuvent voir, modifier ou supprimer leurs informations personnelles \u00e0 tout moment (sauf qu\u2019ils ne peuvent pas changer leur nom d\u2019utilisateur). Les administrateurs du site web peuvent \u00e9galement consulter et modifier ces informations.<\/p><p>COMPUTER LAW, FILES AND FREEDOMS<\/p><p>Conform\u00e9ment \u00e0 la loi du 6 janvier 1978 relative \u00e0 l\u2019informatique, aux fichiers et aux libert\u00e9s et \u00e0 l\u2019article 43 de la loi du 30 septembre 1986 modifi\u00e9e.<\/p><p>Users of the site are required to comply with the provisions of the Data Protection Act, files and freedoms, the violation of which is punishable by criminal penalties. In particular, they must refrain, with regard to the personal information to which they have access, from any collection, from any misuse, and in general, from any act likely to infringe the privacy or reputation of individuals. .<\/p><p>Au titre de l\u2019article 34 de ladite loi, les utilisateurs disposent d\u2019un droit d\u2019acc\u00e8s, de modification, de rectification et de suppression des donn\u00e9es les concernant. Pour l\u2019exercer, vous pouvez vous adresser directement aupr\u00e8s du Service Communication et Technologies de l\u2019Information par courrier ou par mail au webmaster.<\/p><p>The information we collect comes from:<\/p><p>the Contact form and the voluntary registration of your surname, first name and e-mail address, so that we can respond to your message<br \/>des diff\u00e9rents modules de contact vous permettant d\u2019adresser directement un e-mail \u00e0 nos services<br \/>In these two cases, your e-mail address and contact details will only be used to give you an answer and will eventually be destroyed.<\/p><p>LIMITATION OF LIABILITY<br \/>Rapid\u2019Eau Raft ne garantit ni les r\u00e9sultats, ni les performances, des produits bas\u00e9s sur les informations qui sont fournies sur ce serveur. Ces \u00e9l\u00e9ments et informations sont fournis \u00ab\u00a0en l\u2019\u00e9tat\u00a0\u00bb et sans garantie d\u2019aucune sorte. Rapid\u2019Eau Raft ne garantit pas que les fonctions contenues dans ces \u00e9l\u00e9ments s\u2019ex\u00e9cutent sans interruption et sans erreur, ni que leurs d\u00e9fauts seront corrig\u00e9s.<\/p><p>Rapid\u2019Eau Raft ne pourra \u00eatre tenu pour responsable de tout dommage direct et\/ou indirect en ce y compris notamment les pertes de profit, de client\u00e8le, de donn\u00e9es ou de toute autre perte de biens incorporels (et ce, m\u00eame si Rapid\u2019Eau Raft a pu \u00eatre inform\u00e9 de la potentialit\u00e9 d\u2019un tel dommage) pouvant survenir de l\u2019utilisation ou au contraire de l\u2019impossibilit\u00e9 d\u2019utiliser les services propos\u00e9s par le site.<\/p><p>DROIT D\u2019AUTEUR \u2013 COPYRIGHT<br \/>This entire site is subject to French and international legislation on copyright and intellectual property. All reproduction rights are reserved, including for downloadable documents and iconographic and photographic representations. Reproduction of all or part of this site on any electronic medium whatsoever is strictly prohibited without the express authorization of Rapid&#039;Eau Raft. The reproduction of the texts of this site on a paper support is authorized, especially in the educational context, subject to the respect of the following three conditions:<\/p><p>free broadcasting<br \/>respect de l\u2019int\u00e9grit\u00e9 des documents reproduits : pas de modification ni alt\u00e9ration d\u2019aucune sorte,<br \/>citation claire et lisible de la source sous la forme suivante \u2013 par exemple \u2013 : \u00ab ce document provient du site Internet Rapid\u2019Eau Raft : ubaye-rafting.com. Les droits de reproduction sont r\u00e9serv\u00e9s et strictement limit\u00e9s \u00bb. L\u2019adresse Internet du site Rapid\u2019Eau Raft doit imp\u00e9rativement figurer dans la r\u00e9f\u00e9rence.<br \/>Pour d\u2019autres utilisations, veuillez contacter le webmaster.<\/p><p>Rapid&#039;Eau Raft owns the domain names ubaye-rafting.com as well as the various related graphic representations, which are registered trademarks and exclusive property.<\/p><p>DOCUMENTS AND TEXTS<br \/>The documents distributed in electronic version on this site may have been updated between the time you downloaded them and the time you read them. Consequently, we recommend that you check its validity. The documents distributed in electronic version on this site have been the subject of numerous proofreadings on our part but may still contain errors. If you find any, do not hesitate to let us know by contacting the webmaster. We will immediately make the corresponding corrections. The texts broadcast may, moreover, have been updated between the time you downloaded them and the time you read them.<\/p><p>ANTI-VIRUS<br \/>Certains dangers sont inh\u00e9rents au t\u00e9l\u00e9chargement de tout fichier sur Internet et l\u2019utilisateur est mis en garde quant \u00e0 la n\u00e9cessit\u00e9 de prendre en compte les risques potentiels (toute infection par virus d\u2019ordinateur, tout bogue, tout ralentissement, etc \u2026) avant de proc\u00e9der au t\u00e9l\u00e9chargement de tout fichier. L\u2019utilisateur a, \u00e0 lui seul, la responsabilit\u00e9 d\u2019assurer la protection et la sauvegarde des donn\u00e9es et de l\u2019\u00e9quipement utilis\u00e9s en relation avec un logiciel. Rapid\u2019Eau Raft ne sera pas tenu pour responsable de tout dommage subi du fait de l\u2019utilisation ou du fonctionnement d\u2019un fichier. Nous vous conseillons de t\u00e9l\u00e9charger un Anti-Virus avant tout t\u00e9l\u00e9chargement.<\/p><p>HYPERTEXT LINKS<br \/>Le site Rapid\u2019Eau Raft est susceptible de renvoyer \u00e0 d\u2019autres sites Internet au moyen de liens hypertextes, Rapid\u2019Eau Raft ne saurait \u00eatre tenu pour responsable directement ou indirectement du contenu de ces sites. Toute personne d\u00e9sireuse d\u2019effectuer un lien hypertexte \u00e0 partir du pr\u00e9sent site est tenue d\u2019en demander l\u2019autorisation au webmaster. Aucune copie (mirroring) du site, c\u2019est-\u00e0-dire une mise en ligne \u00e0 une autre URL, n\u2019est autoris\u00e9e.En vous remerciant de l\u2019int\u00e9r\u00eat que vous portez \u00e0 notre Site, Rapid\u2019Eau Raft vous souhaite une tr\u00e8s bonne navigation.<\/p>\t\t\t\t\t\t\t\t<\/div>\n\t\t\t\t<\/div>\n\t\t\t\t\t<\/div>\n\t\t<\/div>\n\t\t\t\t\t<\/div>\n\t\t<\/section>\n\t\t\t\t<\/div>","protected":false},"excerpt":{"rendered":"<p>Mentions l\u00e9gales et politiques de confidentialit\u00e9s Site Internet Rapid\u2019Eau ParkSoci\u00e9t\u00e9 : RAPID\u2019EAU RAFTLa Fresqui\u00e8re04340 M\u00c9OLANS-REVELFrance T\u00e9l\u00e9phone : 04 92 81 92 03 SIRET : 411 954 043 00013APE : 9329Z Responsable de publication : M. Yann LEPR\u00caTRE CR\u00c9DIT PHOTOS \u00a9 Rapid\u2019Eau Raft POLITIQUE DE CONFIDENTIALIT\u00c9S Qui sommes-nous ? L\u2019adresse de notre site web est : [&hellip;]<\/p>\n","protected":false},"author":1,"featured_media":0,"parent":0,"menu_order":0,"comment_status":"closed","ping_status":"closed","template":"template-canvas.php","meta":{"_acf_changed":false,"footnotes":""},"class_list":["post-29163","page","type-page","status-publish","hentry"],"acf":[],"_links":{"self":[{"href":"https:\/\/rapideaupark.com\/en\/wp-json\/wp\/v2\/pages\/29163","targetHints":{"allow":["GET"]}}],"collection":[{"href":"https:\/\/rapideaupark.com\/en\/wp-json\/wp\/v2\/pages"}],"about":[{"href":"https:\/\/rapideaupark.com\/en\/wp-json\/wp\/v2\/types\/page"}],"author":[{"embeddable":true,"href":"https:\/\/rapideaupark.com\/en\/wp-json\/wp\/v2\/users\/1"}],"replies":[{"embeddable":true,"href":"https:\/\/rapideaupark.com\/en\/wp-json\/wp\/v2\/comments?post=29163"}],"version-history":[{"count":0,"href":"https:\/\/rapideaupark.com\/en\/wp-json\/wp\/v2\/pages\/29163\/revisions"}],"wp:attachment":[{"href":"https:\/\/rapideaupark.com\/en\/wp-json\/wp\/v2\/media?parent=29163"}],"curies":[{"name":"wp","href":"https:\/\/api.w.org\/{rel}","templated":true}]}}